{"id":781,"date":"2015-12-14T15:53:19","date_gmt":"2015-12-14T14:53:19","guid":{"rendered":"https:\/\/swiss-soroptimist.ch\/fr\/?post_type=product&#038;p=781&#038;lang=fr"},"modified":"2024-04-23T10:39:30","modified_gmt":"2024-04-23T08:39:30","slug":"dossier-nouvelles-membres","status":"publish","type":"product","link":"https:\/\/swiss-soroptimist.ch\/fr\/produkt\/dossier-nouvelles-membres\/","title":{"rendered":"Dossier nouvelles membres"},"content":{"rendered":"<p><strong>Dossier pour nouvelles membres<\/strong><br \/>\n(r\u00e9serv\u00e9 aux nouveaux membres accept\u00e9s &#8211; pas de \u00ab\u00a0commandes de stock\u00a0\u00bb)<\/p>\n<p><span style=\"color: #800000;\"><strong>Seulement pour les nouvelles membres selon entr\u00e9e dans l&rsquo;extranet<\/strong><\/span><\/p>\n<p>Contenu:<\/p>\n<ul>\n<li>1 Brochure de Prestige en Fran\u00e7ais ou Italien<\/li>\n<li>1 Bloc quadrill\u00e9 A5 (Fran\u00e7ais ou Italien)<\/li>\n<li>1 Pin<\/li>\n<li>1 Chemise\/Dossier<\/li>\n<li>10 Marque-pages Fran\u00e7ais ou Italien<\/li>\n<li>1 Autocollant pour Voiture<\/li>\n<li>35 petites \u00c9tiquettes bleues<\/li>\n<li>5 cartes A6<\/li>\n<li>SI-Forum<\/li>\n<\/ul>\n","protected":false},"excerpt":{"rendered":"<p>Dossier pour nouvelles membres (r\u00e9serv\u00e9 aux nouveaux membres accept\u00e9s &#8211; pas de \u00ab\u00a0commandes de stock\u00a0\u00bb) Seulement pour les nouvelles membres selon entr\u00e9e dans l&rsquo;extranet Contenu: 1 Brochure de Prestige en Fran\u00e7ais ou Italien 1 Bloc quadrill\u00e9 A5 (Fran\u00e7ais ou Italien) 1 Pin 1 Chemise\/Dossier 10 Marque-pages Fran\u00e7ais ou Italien 1 Autocollant pour Voiture 35 petites <a href=\"https:\/\/swiss-soroptimist.ch\/fr\/produkt\/dossier-nouvelles-membres\/\"> [&#8230;]<\/a><\/p>\n","protected":false},"featured_media":21082,"template":"","meta":[],"product_brand":[],"product_cat":[174],"product_tag":[],"class_list":{"0":"post-781","1":"product","2":"type-product","3":"status-publish","4":"has-post-thumbnail","6":"product_cat-si-ch-artikel-2024-2","8":"first","9":"instock","10":"shipping-taxable","11":"purchasable","12":"product-type-simple"},"_links":{"self":[{"href":"https:\/\/swiss-soroptimist.ch\/fr\/wp-json\/wp\/v2\/product\/781","targetHints":{"allow":["GET"]}}],"collection":[{"href":"https:\/\/swiss-soroptimist.ch\/fr\/wp-json\/wp\/v2\/product"}],"about":[{"href":"https:\/\/swiss-soroptimist.ch\/fr\/wp-json\/wp\/v2\/types\/product"}],"wp:featuredmedia":[{"embeddable":true,"href":"https:\/\/swiss-soroptimist.ch\/fr\/wp-json\/wp\/v2\/media\/21082"}],"wp:attachment":[{"href":"https:\/\/swiss-soroptimist.ch\/fr\/wp-json\/wp\/v2\/media?parent=781"}],"wp:term":[{"taxonomy":"product_brand","embeddable":true,"href":"https:\/\/swiss-soroptimist.ch\/fr\/wp-json\/wp\/v2\/product_brand?post=781"},{"taxonomy":"product_cat","embeddable":true,"href":"https:\/\/swiss-soroptimist.ch\/fr\/wp-json\/wp\/v2\/product_cat?post=781"},{"taxonomy":"product_tag","embeddable":true,"href":"https:\/\/swiss-soroptimist.ch\/fr\/wp-json\/wp\/v2\/product_tag?post=781"}],"curies":[{"name":"wp","href":"https:\/\/api.w.org\/{rel}","templated":true}]}}