{"id":6447,"date":"2018-11-01T14:56:13","date_gmt":"2018-11-01T13:56:13","guid":{"rendered":"https:\/\/swiss-soroptimist.ch\/produkt\/rollup\/"},"modified":"2018-11-15T15:20:03","modified_gmt":"2018-11-15T14:20:03","slug":"rollup","status":"publish","type":"product","link":"https:\/\/swiss-soroptimist.ch\/fr\/produkt\/rollup\/","title":{"rendered":"Rollup"},"content":{"rendered":"<p><strong>Caract\u00e9ristiques techniques<\/strong><\/p>\n<p>Taille : 85 x 200 cm<br \/>\npoids : 3,9 kg<br \/>\nTransport : sac de transport<br \/>\nTemps de pr\u00e9paration : 1 minute<\/p>\n<p><strong>Avantages<\/strong><\/p>\n<ul>\n<li>Qualit\u00e9 sup\u00e9rieure dans le segment du budget<\/li>\n<li>Montage et d\u00e9montage en quelques secondes<\/li>\n<li>M\u00e9canisme d&rsquo;enroulement en aluminium<\/li>\n<li>rev\u00eatement en aluminium<\/li>\n<li>Deux pieds<\/li>\n<\/ul>\n","protected":false},"excerpt":{"rendered":"<p>Caract\u00e9ristiques techniques Taille : 85 x 200 cm poids : 3,9 kg Transport : sac de transport Temps de pr\u00e9paration : 1 minute Avantages Qualit\u00e9 sup\u00e9rieure dans le segment du budget Montage et d\u00e9montage en quelques secondes M\u00e9canisme d&rsquo;enroulement en aluminium rev\u00eatement en aluminium Deux pieds<\/p>\n","protected":false},"featured_media":6515,"template":"","meta":[],"product_brand":[],"product_cat":[44],"product_tag":[],"class_list":{"0":"post-6447","1":"product","2":"type-product","3":"status-publish","4":"has-post-thumbnail","6":"product_cat-artikel-2018-fr","8":"first","9":"instock","10":"shipping-taxable","11":"purchasable","12":"product-type-simple"},"_links":{"self":[{"href":"https:\/\/swiss-soroptimist.ch\/fr\/wp-json\/wp\/v2\/product\/6447","targetHints":{"allow":["GET"]}}],"collection":[{"href":"https:\/\/swiss-soroptimist.ch\/fr\/wp-json\/wp\/v2\/product"}],"about":[{"href":"https:\/\/swiss-soroptimist.ch\/fr\/wp-json\/wp\/v2\/types\/product"}],"wp:featuredmedia":[{"embeddable":true,"href":"https:\/\/swiss-soroptimist.ch\/fr\/wp-json\/wp\/v2\/media\/6515"}],"wp:attachment":[{"href":"https:\/\/swiss-soroptimist.ch\/fr\/wp-json\/wp\/v2\/media?parent=6447"}],"wp:term":[{"taxonomy":"product_brand","embeddable":true,"href":"https:\/\/swiss-soroptimist.ch\/fr\/wp-json\/wp\/v2\/product_brand?post=6447"},{"taxonomy":"product_cat","embeddable":true,"href":"https:\/\/swiss-soroptimist.ch\/fr\/wp-json\/wp\/v2\/product_cat?post=6447"},{"taxonomy":"product_tag","embeddable":true,"href":"https:\/\/swiss-soroptimist.ch\/fr\/wp-json\/wp\/v2\/product_tag?post=6447"}],"curies":[{"name":"wp","href":"https:\/\/api.w.org\/{rel}","templated":true}]}}