{"id":24965,"date":"2026-04-29T22:45:38","date_gmt":"2026-04-29T20:45:38","guid":{"rendered":"https:\/\/swiss-soroptimist.ch\/?post_type=product&#038;p=24965"},"modified":"2026-04-29T22:45:38","modified_gmt":"2026-04-29T20:45:38","slug":"livre-cent-jours-de-guerison","status":"publish","type":"product","link":"https:\/\/swiss-soroptimist.ch\/fr\/produkt\/livre-cent-jours-de-guerison\/","title":{"rendered":"Livre | Cent jours de gu\u00e9rison"},"content":{"rendered":"<p><strong>Cent jours de gu\u00e9rison \u2013 toi tu n&rsquo;est pas ta tumeur<\/strong><br \/>\nPatrizia Riboldi<\/p>\n<p><strong>Prix : CHF 25.00<\/strong><br \/>\nAu b\u00e9n\u00e9fice du projet de l&rsquo;Union \u00ab \u00c9motions en Rose \u00bb<\/p>\n<p>Disponible en trois langues : allemand, fran\u00e7ais et italien.<\/p>\n","protected":false},"excerpt":{"rendered":"<p>Ce journal est un espace personnel, con\u00e7u pour t\u2019accompagner dans les jours les plus d\u00e9licats de la gu\u00e9rison.<br \/>\n\u00c9crire, r\u00e9fl\u00e9chir et reconna\u00eetre tes propres \u00e9motions sont des outils simples mais puissants pour affronter avec davantage de force et de conscience le d\u00e9fi de la maladie.<\/p>\n<p>Chaque page est une invitation \u00e0 la pr\u00e9sence, \u00e0 l\u2019espoir et \u00e0 la confiance en toi, car chaque petit pas vers la lumi\u00e8re est d\u00e9j\u00e0 une forme de victoire.<\/p>\n","protected":false},"featured_media":24966,"template":"","meta":[],"product_brand":[],"product_cat":[201],"product_tag":[],"class_list":{"0":"post-24965","1":"product","2":"type-product","3":"status-publish","4":"has-post-thumbnail","6":"product_cat-si-ch-artikel-2026","8":"first","9":"instock","10":"shipping-taxable","11":"purchasable","12":"product-type-simple"},"_links":{"self":[{"href":"https:\/\/swiss-soroptimist.ch\/fr\/wp-json\/wp\/v2\/product\/24965","targetHints":{"allow":["GET"]}}],"collection":[{"href":"https:\/\/swiss-soroptimist.ch\/fr\/wp-json\/wp\/v2\/product"}],"about":[{"href":"https:\/\/swiss-soroptimist.ch\/fr\/wp-json\/wp\/v2\/types\/product"}],"wp:featuredmedia":[{"embeddable":true,"href":"https:\/\/swiss-soroptimist.ch\/fr\/wp-json\/wp\/v2\/media\/24966"}],"wp:attachment":[{"href":"https:\/\/swiss-soroptimist.ch\/fr\/wp-json\/wp\/v2\/media?parent=24965"}],"wp:term":[{"taxonomy":"product_brand","embeddable":true,"href":"https:\/\/swiss-soroptimist.ch\/fr\/wp-json\/wp\/v2\/product_brand?post=24965"},{"taxonomy":"product_cat","embeddable":true,"href":"https:\/\/swiss-soroptimist.ch\/fr\/wp-json\/wp\/v2\/product_cat?post=24965"},{"taxonomy":"product_tag","embeddable":true,"href":"https:\/\/swiss-soroptimist.ch\/fr\/wp-json\/wp\/v2\/product_tag?post=24965"}],"curies":[{"name":"wp","href":"https:\/\/api.w.org\/{rel}","templated":true}]}}