{"id":24711,"date":"2026-03-24T08:36:48","date_gmt":"2026-03-24T07:36:48","guid":{"rendered":"https:\/\/swiss-soroptimist.ch\/?post_type=product&#038;p=24711"},"modified":"2026-03-24T08:36:48","modified_gmt":"2026-03-24T07:36:48","slug":"broche-emotions-en-rose","status":"publish","type":"product","link":"https:\/\/swiss-soroptimist.ch\/fr\/produkt\/broche-emotions-en-rose\/","title":{"rendered":"Broche Emotions en Rose"},"content":{"rendered":"<p><strong>Broche d\u00e9di\u00e9e au projet de l\u2019Union \u00ab \u00c9motions en Rose \u00bb<\/strong><br \/>\n3 cm de haut et 2 mm d\u2019\u00e9paisseur<br \/>\nMat\u00e9riau : \u00e9mail avec aimant<br \/>\nPrix : CHF 30.00<\/p>\n","protected":false},"excerpt":{"rendered":"<p>Broche d\u00e9di\u00e9e au projet de l\u2019Union \u00ab \u00c9motions en Rose \u00bb 3 cm de haut et 2 mm d\u2019\u00e9paisseur Mat\u00e9riau : \u00e9mail avec aimant Prix : CHF 30.00<\/p>\n","protected":false},"featured_media":24709,"template":"","meta":[],"product_brand":[],"product_cat":[],"product_tag":[],"class_list":{"0":"post-24711","1":"product","2":"type-product","3":"status-publish","4":"has-post-thumbnail","7":"first","8":"instock","9":"shipping-taxable","10":"purchasable","11":"product-type-simple"},"_links":{"self":[{"href":"https:\/\/swiss-soroptimist.ch\/fr\/wp-json\/wp\/v2\/product\/24711","targetHints":{"allow":["GET"]}}],"collection":[{"href":"https:\/\/swiss-soroptimist.ch\/fr\/wp-json\/wp\/v2\/product"}],"about":[{"href":"https:\/\/swiss-soroptimist.ch\/fr\/wp-json\/wp\/v2\/types\/product"}],"wp:featuredmedia":[{"embeddable":true,"href":"https:\/\/swiss-soroptimist.ch\/fr\/wp-json\/wp\/v2\/media\/24709"}],"wp:attachment":[{"href":"https:\/\/swiss-soroptimist.ch\/fr\/wp-json\/wp\/v2\/media?parent=24711"}],"wp:term":[{"taxonomy":"product_brand","embeddable":true,"href":"https:\/\/swiss-soroptimist.ch\/fr\/wp-json\/wp\/v2\/product_brand?post=24711"},{"taxonomy":"product_cat","embeddable":true,"href":"https:\/\/swiss-soroptimist.ch\/fr\/wp-json\/wp\/v2\/product_cat?post=24711"},{"taxonomy":"product_tag","embeddable":true,"href":"https:\/\/swiss-soroptimist.ch\/fr\/wp-json\/wp\/v2\/product_tag?post=24711"}],"curies":[{"name":"wp","href":"https:\/\/api.w.org\/{rel}","templated":true}]}}