{"id":21192,"date":"2024-04-30T22:53:14","date_gmt":"2024-04-30T20:53:14","guid":{"rendered":"https:\/\/swiss-soroptimist.ch\/?post_type=product&#038;p=21192"},"modified":"2024-07-24T14:27:30","modified_gmt":"2024-07-24T12:27:30","slug":"chausse-pied-en-bois-xxl","status":"publish","type":"product","link":"https:\/\/swiss-soroptimist.ch\/fr\/produkt\/chausse-pied-en-bois-xxl\/","title":{"rendered":"Chausse-pied en bois XXL"},"content":{"rendered":"<p>Holz Schuhl\u00f6ffel XXL<\/p>\n<p>Material: Buchenholz L\u00e4nge: 65cm<br \/>\nSpeziell: Lederband zu aufh\u00e4ngen<br \/>\nMit Lasergravur<\/p>\n","protected":false},"excerpt":{"rendered":"<p>Holz Schuhl\u00f6ffel XXL Material: Buchenholz L\u00e4nge: 65cm Speziell: Lederband zu aufh\u00e4ngen Mit Lasergravur<\/p>\n","protected":false},"featured_media":21410,"template":"","meta":[],"product_brand":[],"product_cat":[],"product_tag":[],"class_list":{"0":"post-21192","1":"product","2":"type-product","3":"status-publish","4":"has-post-thumbnail","7":"first","8":"instock","9":"shipping-taxable","10":"purchasable","11":"product-type-simple"},"_links":{"self":[{"href":"https:\/\/swiss-soroptimist.ch\/fr\/wp-json\/wp\/v2\/product\/21192","targetHints":{"allow":["GET"]}}],"collection":[{"href":"https:\/\/swiss-soroptimist.ch\/fr\/wp-json\/wp\/v2\/product"}],"about":[{"href":"https:\/\/swiss-soroptimist.ch\/fr\/wp-json\/wp\/v2\/types\/product"}],"wp:featuredmedia":[{"embeddable":true,"href":"https:\/\/swiss-soroptimist.ch\/fr\/wp-json\/wp\/v2\/media\/21410"}],"wp:attachment":[{"href":"https:\/\/swiss-soroptimist.ch\/fr\/wp-json\/wp\/v2\/media?parent=21192"}],"wp:term":[{"taxonomy":"product_brand","embeddable":true,"href":"https:\/\/swiss-soroptimist.ch\/fr\/wp-json\/wp\/v2\/product_brand?post=21192"},{"taxonomy":"product_cat","embeddable":true,"href":"https:\/\/swiss-soroptimist.ch\/fr\/wp-json\/wp\/v2\/product_cat?post=21192"},{"taxonomy":"product_tag","embeddable":true,"href":"https:\/\/swiss-soroptimist.ch\/fr\/wp-json\/wp\/v2\/product_tag?post=21192"}],"curies":[{"name":"wp","href":"https:\/\/api.w.org\/{rel}","templated":true}]}}