{"id":21169,"date":"2024-04-29T17:06:04","date_gmt":"2024-04-29T15:06:04","guid":{"rendered":"https:\/\/swiss-soroptimist.ch\/?post_type=product&#038;p=21169"},"modified":"2024-04-29T17:06:04","modified_gmt":"2024-04-29T15:06:04","slug":"set-de-manucure","status":"publish","type":"product","link":"https:\/\/swiss-soroptimist.ch\/fr\/produkt\/set-de-manucure\/","title":{"rendered":"Set de manucure"},"content":{"rendered":"<p><strong>Set de manucure<\/strong><\/p>\n<p>de 4 pi\u00e8ces avec pincette, lime \u00e0 ongles, coupe-ongles et ciseaux \u00e0 ongles. Se ferme avec une fermeture \u00e9clair.<br \/>\nCouleur : noir Taille : 11 x 6 x 2.5cm<br \/>\nMat\u00e9riau : tissu en fibres de cuir Finition : impression 1 couleur logo<\/p>\n<p>Prix CHF 26.00<\/p>\n","protected":false},"excerpt":{"rendered":"<p>Set de manucure de 4 pi\u00e8ces avec pincette, lime \u00e0 ongles, coupe-ongles et ciseaux \u00e0 ongles. Se ferme avec une fermeture \u00e9clair. Couleur : noir Taille : 11 x 6 x 2.5cm Mat\u00e9riau : tissu en fibres de cuir Finition : impression 1 couleur logo Prix CHF 26.00<\/p>\n","protected":false},"featured_media":21168,"template":"","meta":[],"product_brand":[],"product_cat":[],"product_tag":[],"class_list":{"0":"post-21169","1":"product","2":"type-product","3":"status-publish","4":"has-post-thumbnail","7":"first","8":"instock","9":"shipping-taxable","10":"purchasable","11":"product-type-simple"},"_links":{"self":[{"href":"https:\/\/swiss-soroptimist.ch\/fr\/wp-json\/wp\/v2\/product\/21169","targetHints":{"allow":["GET"]}}],"collection":[{"href":"https:\/\/swiss-soroptimist.ch\/fr\/wp-json\/wp\/v2\/product"}],"about":[{"href":"https:\/\/swiss-soroptimist.ch\/fr\/wp-json\/wp\/v2\/types\/product"}],"wp:featuredmedia":[{"embeddable":true,"href":"https:\/\/swiss-soroptimist.ch\/fr\/wp-json\/wp\/v2\/media\/21168"}],"wp:attachment":[{"href":"https:\/\/swiss-soroptimist.ch\/fr\/wp-json\/wp\/v2\/media?parent=21169"}],"wp:term":[{"taxonomy":"product_brand","embeddable":true,"href":"https:\/\/swiss-soroptimist.ch\/fr\/wp-json\/wp\/v2\/product_brand?post=21169"},{"taxonomy":"product_cat","embeddable":true,"href":"https:\/\/swiss-soroptimist.ch\/fr\/wp-json\/wp\/v2\/product_cat?post=21169"},{"taxonomy":"product_tag","embeddable":true,"href":"https:\/\/swiss-soroptimist.ch\/fr\/wp-json\/wp\/v2\/product_tag?post=21169"}],"curies":[{"name":"wp","href":"https:\/\/api.w.org\/{rel}","templated":true}]}}