{"id":21165,"date":"2024-04-29T16:51:47","date_gmt":"2024-04-29T14:51:47","guid":{"rendered":"https:\/\/swiss-soroptimist.ch\/?post_type=product&#038;p=21165"},"modified":"2024-04-29T16:51:47","modified_gmt":"2024-04-29T14:51:47","slug":"stylo-a-bille-caran-dache-avec-emballage","status":"publish","type":"product","link":"https:\/\/swiss-soroptimist.ch\/fr\/produkt\/stylo-a-bille-caran-dache-avec-emballage\/","title":{"rendered":"Stylo \u00e0 bille Caran D&rsquo;Ache avec emballage"},"content":{"rendered":"<p><strong>Stylo \u00e0 bille Caran D&rsquo;Ache avec emballage<\/strong><\/p>\n<p>Stylo \u00e0 bille bleu fonc\u00e9 avec impression du site web<\/p>\n<p>Prix CHF 32.50<\/p>\n<p>&nbsp;<\/p>\n","protected":false},"excerpt":{"rendered":"<p>Stylo \u00e0 bille Caran D&rsquo;Ache avec emballage Stylo \u00e0 bille bleu fonc\u00e9 avec impression du site web Prix CHF 32.50 &nbsp;<\/p>\n","protected":false},"featured_media":21164,"template":"","meta":[],"product_brand":[],"product_cat":[174],"product_tag":[],"class_list":{"0":"post-21165","1":"product","2":"type-product","3":"status-publish","4":"has-post-thumbnail","6":"product_cat-si-ch-artikel-2024-2","8":"first","9":"instock","10":"shipping-taxable","11":"purchasable","12":"product-type-simple"},"_links":{"self":[{"href":"https:\/\/swiss-soroptimist.ch\/fr\/wp-json\/wp\/v2\/product\/21165","targetHints":{"allow":["GET"]}}],"collection":[{"href":"https:\/\/swiss-soroptimist.ch\/fr\/wp-json\/wp\/v2\/product"}],"about":[{"href":"https:\/\/swiss-soroptimist.ch\/fr\/wp-json\/wp\/v2\/types\/product"}],"wp:featuredmedia":[{"embeddable":true,"href":"https:\/\/swiss-soroptimist.ch\/fr\/wp-json\/wp\/v2\/media\/21164"}],"wp:attachment":[{"href":"https:\/\/swiss-soroptimist.ch\/fr\/wp-json\/wp\/v2\/media?parent=21165"}],"wp:term":[{"taxonomy":"product_brand","embeddable":true,"href":"https:\/\/swiss-soroptimist.ch\/fr\/wp-json\/wp\/v2\/product_brand?post=21165"},{"taxonomy":"product_cat","embeddable":true,"href":"https:\/\/swiss-soroptimist.ch\/fr\/wp-json\/wp\/v2\/product_cat?post=21165"},{"taxonomy":"product_tag","embeddable":true,"href":"https:\/\/swiss-soroptimist.ch\/fr\/wp-json\/wp\/v2\/product_tag?post=21165"}],"curies":[{"name":"wp","href":"https:\/\/api.w.org\/{rel}","templated":true}]}}