{"id":21159,"date":"2024-04-29T16:34:41","date_gmt":"2024-04-29T14:34:41","guid":{"rendered":"https:\/\/swiss-soroptimist.ch\/?post_type=product&#038;p=21159"},"modified":"2024-05-13T09:31:56","modified_gmt":"2024-05-13T07:31:56","slug":"carte-daccompagnement-a6-set-de-5-pieces","status":"publish","type":"product","link":"https:\/\/swiss-soroptimist.ch\/fr\/produkt\/carte-daccompagnement-a6-set-de-5-pieces\/","title":{"rendered":"Carte d&rsquo;accompagnement A6 &#8211; set de 5 pi\u00e8ces"},"content":{"rendered":"<p><strong>Carte d&rsquo;accompagnement A6 \u2013 set de 5 pi\u00e8ces<\/strong><\/p>\n<p>Set \u00e0 5 pi\u00e8ces<\/p>\n<p>CHF 6.50<\/p>\n","protected":false},"excerpt":{"rendered":"<p>Carte d&rsquo;accompagnement A6 \u2013 set de 5 pi\u00e8ces Set \u00e0 5 pi\u00e8ces CHF 6.50<\/p>\n","protected":false},"featured_media":21158,"template":"","meta":[],"product_brand":[],"product_cat":[174],"product_tag":[],"class_list":{"0":"post-21159","1":"product","2":"type-product","3":"status-publish","4":"has-post-thumbnail","6":"product_cat-si-ch-artikel-2024-2","8":"first","9":"instock","10":"shipping-taxable","11":"product-type-simple"},"_links":{"self":[{"href":"https:\/\/swiss-soroptimist.ch\/fr\/wp-json\/wp\/v2\/product\/21159","targetHints":{"allow":["GET"]}}],"collection":[{"href":"https:\/\/swiss-soroptimist.ch\/fr\/wp-json\/wp\/v2\/product"}],"about":[{"href":"https:\/\/swiss-soroptimist.ch\/fr\/wp-json\/wp\/v2\/types\/product"}],"wp:featuredmedia":[{"embeddable":true,"href":"https:\/\/swiss-soroptimist.ch\/fr\/wp-json\/wp\/v2\/media\/21158"}],"wp:attachment":[{"href":"https:\/\/swiss-soroptimist.ch\/fr\/wp-json\/wp\/v2\/media?parent=21159"}],"wp:term":[{"taxonomy":"product_brand","embeddable":true,"href":"https:\/\/swiss-soroptimist.ch\/fr\/wp-json\/wp\/v2\/product_brand?post=21159"},{"taxonomy":"product_cat","embeddable":true,"href":"https:\/\/swiss-soroptimist.ch\/fr\/wp-json\/wp\/v2\/product_cat?post=21159"},{"taxonomy":"product_tag","embeddable":true,"href":"https:\/\/swiss-soroptimist.ch\/fr\/wp-json\/wp\/v2\/product_tag?post=21159"}],"curies":[{"name":"wp","href":"https:\/\/api.w.org\/{rel}","templated":true}]}}