{"id":21154,"date":"2024-04-29T16:13:38","date_gmt":"2024-04-29T14:13:38","guid":{"rendered":"https:\/\/swiss-soroptimist.ch\/?post_type=product&#038;p=21154"},"modified":"2024-04-29T16:15:06","modified_gmt":"2024-04-29T14:15:06","slug":"housses-a-vin-set-a-5-pieces","status":"publish","type":"product","link":"https:\/\/swiss-soroptimist.ch\/fr\/produkt\/housses-a-vin-set-a-5-pieces\/","title":{"rendered":"Housses \u00e0 vin \u2013 set \u00e0 5 pi\u00e8ces"},"content":{"rendered":"<p><strong>Housses \u00e0 vin<br \/>\n<\/strong><\/p>\n<p>1 \u00e9tui de 5 pi\u00e8ces de diff\u00e9rentes couleurs<\/p>\n<p><em>Bijoux inscriptibles pour la bouteille au lieu d&rsquo;une carte \u00ab Merci beaucoup pour l&rsquo;invitation \u00bb et d&rsquo;autres messages brefs peuvent \u00eatre inscrits sur le goulot de la bouteille gr\u00e2ce aux \u00ab habillages pour le vin \u00bb. Le vin bien choisi n&rsquo;est pas cach\u00e9 pour autant &#8211; au contraire : cette robe met en valeur le noble breuvage et rappelle encore son porteur apr\u00e8s la f\u00eate.<\/em><br \/>\n<em>Livr\u00e9e \u00e0 plat et facile \u00e0 exp\u00e9dier, elle se d\u00e9ploie lorsque la housse \u00e0 vin est plac\u00e9e sur le goulot de la bouteille.<\/em><\/p>\n","protected":false},"excerpt":{"rendered":"<p>Housses \u00e0 vin 1 \u00e9tui de 5 pi\u00e8ces de diff\u00e9rentes couleurs Bijoux inscriptibles pour la bouteille au lieu d&rsquo;une carte \u00ab Merci beaucoup pour l&rsquo;invitation \u00bb et d&rsquo;autres messages brefs peuvent \u00eatre inscrits sur le goulot de la bouteille gr\u00e2ce aux \u00ab habillages pour le vin \u00bb. Le vin bien choisi n&rsquo;est pas cach\u00e9 pour <a href=\"https:\/\/swiss-soroptimist.ch\/fr\/produkt\/housses-a-vin-set-a-5-pieces\/\"> [&#8230;]<\/a><\/p>\n","protected":false},"featured_media":21153,"template":"","meta":[],"product_brand":[],"product_cat":[174],"product_tag":[],"class_list":{"0":"post-21154","1":"product","2":"type-product","3":"status-publish","4":"has-post-thumbnail","6":"product_cat-si-ch-artikel-2024-2","8":"first","9":"instock","10":"shipping-taxable","11":"purchasable","12":"product-type-simple"},"_links":{"self":[{"href":"https:\/\/swiss-soroptimist.ch\/fr\/wp-json\/wp\/v2\/product\/21154","targetHints":{"allow":["GET"]}}],"collection":[{"href":"https:\/\/swiss-soroptimist.ch\/fr\/wp-json\/wp\/v2\/product"}],"about":[{"href":"https:\/\/swiss-soroptimist.ch\/fr\/wp-json\/wp\/v2\/types\/product"}],"wp:featuredmedia":[{"embeddable":true,"href":"https:\/\/swiss-soroptimist.ch\/fr\/wp-json\/wp\/v2\/media\/21153"}],"wp:attachment":[{"href":"https:\/\/swiss-soroptimist.ch\/fr\/wp-json\/wp\/v2\/media?parent=21154"}],"wp:term":[{"taxonomy":"product_brand","embeddable":true,"href":"https:\/\/swiss-soroptimist.ch\/fr\/wp-json\/wp\/v2\/product_brand?post=21154"},{"taxonomy":"product_cat","embeddable":true,"href":"https:\/\/swiss-soroptimist.ch\/fr\/wp-json\/wp\/v2\/product_cat?post=21154"},{"taxonomy":"product_tag","embeddable":true,"href":"https:\/\/swiss-soroptimist.ch\/fr\/wp-json\/wp\/v2\/product_tag?post=21154"}],"curies":[{"name":"wp","href":"https:\/\/api.w.org\/{rel}","templated":true}]}}