{"id":21147,"date":"2024-04-29T15:19:16","date_gmt":"2024-04-29T13:19:16","guid":{"rendered":"https:\/\/swiss-soroptimist.ch\/?post_type=product&#038;p=21147"},"modified":"2024-04-29T15:27:40","modified_gmt":"2024-04-29T13:27:40","slug":"porte-lunettes","status":"publish","type":"product","link":"https:\/\/swiss-soroptimist.ch\/fr\/produkt\/porte-lunettes\/","title":{"rendered":"Porte-lunettes"},"content":{"rendered":"<p><strong>Porte-lunettes<\/strong><\/p>\n<p>Emball\u00e9 individuellement dans une bo\u00eete.<br \/>\nCouleurs :<\/p>\n<ul>\n<li>Bleu fonc\u00e9<\/li>\n<li>Jaune<\/li>\n<li>Bleu glac\u00e9<\/li>\n<\/ul>\n<p>Prix : CHF 29.00<\/p>\n<p>&nbsp;<\/p>\n","protected":false},"excerpt":{"rendered":"<p>Porte-lunettes Emball\u00e9 individuellement dans une bo\u00eete. Couleurs : Bleu fonc\u00e9 Jaune Bleu glac\u00e9 Prix : CHF 29.00 &nbsp;<\/p>\n","protected":false},"featured_media":21141,"template":"","meta":[],"product_brand":[],"product_cat":[174],"product_tag":[],"class_list":{"0":"post-21147","1":"product","2":"type-product","3":"status-publish","4":"has-post-thumbnail","6":"product_cat-si-ch-artikel-2024-2","8":"first","9":"instock","10":"shipping-taxable","11":"purchasable","12":"product-type-variable"},"_links":{"self":[{"href":"https:\/\/swiss-soroptimist.ch\/fr\/wp-json\/wp\/v2\/product\/21147","targetHints":{"allow":["GET"]}}],"collection":[{"href":"https:\/\/swiss-soroptimist.ch\/fr\/wp-json\/wp\/v2\/product"}],"about":[{"href":"https:\/\/swiss-soroptimist.ch\/fr\/wp-json\/wp\/v2\/types\/product"}],"wp:featuredmedia":[{"embeddable":true,"href":"https:\/\/swiss-soroptimist.ch\/fr\/wp-json\/wp\/v2\/media\/21141"}],"wp:attachment":[{"href":"https:\/\/swiss-soroptimist.ch\/fr\/wp-json\/wp\/v2\/media?parent=21147"}],"wp:term":[{"taxonomy":"product_brand","embeddable":true,"href":"https:\/\/swiss-soroptimist.ch\/fr\/wp-json\/wp\/v2\/product_brand?post=21147"},{"taxonomy":"product_cat","embeddable":true,"href":"https:\/\/swiss-soroptimist.ch\/fr\/wp-json\/wp\/v2\/product_cat?post=21147"},{"taxonomy":"product_tag","embeddable":true,"href":"https:\/\/swiss-soroptimist.ch\/fr\/wp-json\/wp\/v2\/product_tag?post=21147"}],"curies":[{"name":"wp","href":"https:\/\/api.w.org\/{rel}","templated":true}]}}