{"id":675,"date":"2015-12-14T09:46:18","date_gmt":"2015-12-14T08:46:18","guid":{"rendered":"https:\/\/swiss-soroptimist.ch\/fr\/?page_id=675"},"modified":"2023-04-13T22:51:15","modified_gmt":"2023-04-13T20:51:15","slug":"mentions-legales","status":"publish","type":"page","link":"https:\/\/swiss-soroptimist.ch\/fr\/mentions-legales\/","title":{"rendered":"MENTIONS L\u00c9GALES"},"content":{"rendered":"<div class=\"fusion-fullwidth fullwidth-box fusion-builder-row-1 nonhundred-percent-fullwidth non-hundred-percent-height-scrolling\" style=\"--awb-background-position:left top;--awb-border-sizes-top:0px;--awb-border-sizes-bottom:0px;--awb-border-sizes-left:0px;--awb-border-sizes-right:0px;--awb-border-radius-top-left:0px;--awb-border-radius-top-right:0px;--awb-border-radius-bottom-right:0px;--awb-border-radius-bottom-left:0px;--awb-padding-top:20px;--awb-padding-bottom:20px;--awb-background-color:#efefef;--awb-flex-wrap:wrap;\" ><div class=\"fusion-builder-row fusion-row\"><div class=\"fusion-layout-column fusion_builder_column fusion-builder-column-0 fusion_builder_column_1_1 1_1 fusion-one-full fusion-column-first fusion-column-last\" style=\"--awb-bg-size:cover;\"><div class=\"fusion-column-wrapper fusion-flex-column-wrapper-legacy\"><div class=\"fusion-sep-clear\"><\/div><div class=\"fusion-separator fusion-full-width-sep\" style=\"margin-left: auto;margin-right: auto;margin-top:30px;width:100%;\"><\/div><div class=\"fusion-sep-clear\"><\/div><div class=\"fusion-clearfix\"><\/div><\/div><\/div><div class=\"fusion-layout-column fusion_builder_column fusion-builder-column-1 fusion_builder_column_1_1 1_1 fusion-one-full fusion-column-first fusion-column-last\" style=\"--awb-bg-size:cover;\"><div class=\"fusion-column-wrapper fusion-flex-column-wrapper-legacy\"><div class=\"fusion-text fusion-text-1\"><h3 style=\"text-align: left;\">MENTIONS L\u00c9GALES<\/h3>\n<\/div><div class=\"fusion-clearfix\"><\/div><\/div><\/div><div class=\"fusion-layout-column fusion_builder_column fusion-builder-column-2 fusion_builder_column_1_2 1_2 fusion-one-half fusion-column-first\" style=\"--awb-bg-size:cover;width:48%; margin-right: 4%;\"><div class=\"fusion-column-wrapper fusion-flex-column-wrapper-legacy\"><div class=\"fusion-text fusion-text-2\"><p>L\u2019Union Suisse du Soroptimist International est repr\u00e9sent\u00e9e par sa Pr\u00e9sidente Catherine Schuppli,\u00a0 <a href=\"mailto:president@swiss-soroptimist.ch\" target=\"_blank\" rel=\"noopener\">president@swiss-soroptimist.ch<\/a>. Les questions relatives aux textes et aux images du site doivent \u00eatre adress\u00e9es \u00e0 la Pr\u00e9sidente\u00a0 de l\u2019Union.<\/p>\n<\/div><div class=\"fusion-text fusion-text-3\"><p>L\u2019Union Suisse du Soroptimist International d\u00e9cline toute responsabilit\u00e9 quant \u00e0 l\u2019exactitude, la pr\u00e9cision, la mise \u00e0 jour, la fiabilit\u00e9 et l\u2019exhaustivit\u00e9 des informations. Toute pr\u00e9tention en responsabilit\u00e9 pour des dommages mat\u00e9riels ou immat\u00e9riels caus\u00e9s par l\u2019acc\u00e8s aux informations publi\u00e9es, par leur utilisation ou non, par le mauvais usage de la connexion ou par des probl\u00e8mes techniques, est exclue.<\/p>\n<\/div><div class=\"fusion-text fusion-text-4\"><p>Nos pages contiennent des liens vers des sites tiers sur lesquels nous n\u2019avons aucune influence et dont nous ne pouvons en aucun cas garantir le contenu. L\u2019acc\u00e8s \u00e0 de tels sites et leur utilisation se font aux propres risques de l\u2019utilisateur.<\/p>\n<\/div><div class=\"fusion-clearfix\"><\/div><\/div><\/div><div class=\"fusion-layout-column fusion_builder_column fusion-builder-column-3 fusion_builder_column_1_2 1_2 fusion-one-half fusion-column-last\" style=\"--awb-bg-size:cover;width:48%;\"><div class=\"fusion-column-wrapper fusion-flex-column-wrapper-legacy\"><div class=\"fusion-text fusion-text-5\"><p>Les contenus et travaux publi\u00e9s sur cette plateforme sont soumis aux droits d\u2019auteur. La reproduction, le traitement, la diffusion et toute forme d\u2019utilisation requi\u00e8rent l\u2019autorisation \u00e9crite de son auteur. T\u00e9l\u00e9chargements et copies des pages ne sont autoris\u00e9s que pour un usage priv\u00e9 et non commercial.<\/p>\n<\/div><div class=\"fusion-text fusion-text-6\"><p>L\u2019utilisation de notre site internet est en g\u00e9n\u00e9ral possible sans indication de vos donn\u00e9es personnelles. Les donn\u00e9es ne sont pas transmises \u00e0 des tiers sans autorisation formelle. Veuillez toutefois noter que la transmission de donn\u00e9es par internet (communication par e-mail) peut pr\u00e9senter des failles de s\u00e9curit\u00e9 car une protection totale des donn\u00e9es contre un piratage par des tiers n\u2019est pas possible.<\/p>\n<\/div><div class=\"fusion-text fusion-text-7\"><p>L\u2019Union Suisse du Soroptimist International s\u2019engage conform\u00e9ment \u00e0 ses buts statutaires; aucune pr\u00e9tention quelle qu\u2019elle soit ne pourra toutefois \u00eatre prise en consid\u00e9ration.<\/p>\n<\/div><div class=\"fusion-clearfix\"><\/div><\/div><\/div><div class=\"fusion-layout-column fusion_builder_column fusion-builder-column-4 fusion_builder_column_1_1 1_1 fusion-one-full fusion-column-first fusion-column-last fusion-column-no-min-height\" style=\"--awb-bg-size:cover;--awb-margin-bottom:0px;\"><div class=\"fusion-column-wrapper fusion-flex-column-wrapper-legacy\"><div class=\"fusion-sep-clear\"><\/div><div class=\"fusion-separator fusion-full-width-sep\" style=\"margin-left: auto;margin-right: auto;margin-top:50px;width:100%;\"><\/div><div class=\"fusion-sep-clear\"><\/div><div class=\"fusion-clearfix\"><\/div><\/div><\/div><\/div><\/div>\n","protected":false},"excerpt":{"rendered":"","protected":false},"author":2,"featured_media":0,"parent":0,"menu_order":0,"comment_status":"closed","ping_status":"closed","template":"100-width.php","meta":{"footnotes":""},"class_list":["post-675","page","type-page","status-publish","hentry"],"_links":{"self":[{"href":"https:\/\/swiss-soroptimist.ch\/fr\/wp-json\/wp\/v2\/pages\/675","targetHints":{"allow":["GET"]}}],"collection":[{"href":"https:\/\/swiss-soroptimist.ch\/fr\/wp-json\/wp\/v2\/pages"}],"about":[{"href":"https:\/\/swiss-soroptimist.ch\/fr\/wp-json\/wp\/v2\/types\/page"}],"author":[{"embeddable":true,"href":"https:\/\/swiss-soroptimist.ch\/fr\/wp-json\/wp\/v2\/users\/2"}],"replies":[{"embeddable":true,"href":"https:\/\/swiss-soroptimist.ch\/fr\/wp-json\/wp\/v2\/comments?post=675"}],"version-history":[{"count":7,"href":"https:\/\/swiss-soroptimist.ch\/fr\/wp-json\/wp\/v2\/pages\/675\/revisions"}],"predecessor-version":[{"id":19343,"href":"https:\/\/swiss-soroptimist.ch\/fr\/wp-json\/wp\/v2\/pages\/675\/revisions\/19343"}],"wp:attachment":[{"href":"https:\/\/swiss-soroptimist.ch\/fr\/wp-json\/wp\/v2\/media?parent=675"}],"curies":[{"name":"wp","href":"https:\/\/api.w.org\/{rel}","templated":true}]}}