{"id":635,"date":"2015-12-14T08:20:06","date_gmt":"2015-12-14T07:20:06","guid":{"rendered":"https:\/\/swiss-soroptimist.ch\/fr\/?page_id=635"},"modified":"2026-01-21T16:47:43","modified_gmt":"2026-01-21T15:47:43","slug":"geschichte","status":"publish","type":"page","link":"https:\/\/swiss-soroptimist.ch\/fr\/geschichte\/","title":{"rendered":"GESCHICHTE"},"content":{"rendered":"<p><div class=\"fusion-fullwidth fullwidth-box fusion-builder-row-1 nonhundred-percent-fullwidth non-hundred-percent-height-scrolling\" style=\"--awb-background-position:left top;--awb-border-sizes-top:0px;--awb-border-sizes-bottom:0px;--awb-border-sizes-left:0px;--awb-border-sizes-right:0px;--awb-border-radius-top-left:0px;--awb-border-radius-top-right:0px;--awb-border-radius-bottom-right:0px;--awb-border-radius-bottom-left:0px;--awb-padding-top:20px;--awb-padding-bottom:20px;--awb-background-color:#efefef;--awb-flex-wrap:wrap;\" ><div class=\"fusion-builder-row fusion-row\"><div class=\"fusion-layout-column fusion_builder_column fusion-builder-column-0 fusion_builder_column_1_1 1_1 fusion-one-full fusion-column-first fusion-column-last\" style=\"--awb-bg-size:cover;\"><div class=\"fusion-column-wrapper fusion-flex-column-wrapper-legacy\"><div class=\"fusion-sep-clear\"><\/div><div class=\"fusion-separator fusion-full-width-sep\" style=\"margin-left: auto;margin-right: auto;margin-top:30px;width:100%;\"><\/div><div class=\"fusion-sep-clear\"><\/div><div class=\"fusion-clearfix\"><\/div><\/div><\/div><div class=\"fusion-layout-column fusion_builder_column fusion-builder-column-1 fusion_builder_column_2_3 2_3 fusion-two-third fusion-column-first\" style=\"--awb-bg-size:cover;width:65.3333%; margin-right: 4%;\"><div class=\"fusion-column-wrapper fusion-flex-column-wrapper-legacy\"><div class=\"fusion-text fusion-text-1\"><h3>SOROPTIMIST INTERNATIONAL<strong><br \/>\n<\/strong>DES FEMMES ENGAG\u00c9ES DEPUIS UN SI\u00c8CLE<strong><br \/>\n<\/strong><\/h3>\n<p>Le premier Club Soroptimist a \u00e9t\u00e9 fond\u00e9 le 3 octobre 1921 \u00e0 Oakland, en Californie, par Stuart Morrow et Adelaide Goddard.<\/p>\n<\/div><div class=\"fusion-clearfix\"><\/div><\/div><\/div><div class=\"fusion-layout-column fusion_builder_column fusion-builder-column-2 fusion_builder_column_1_6 1_6 fusion-one-sixth\" style=\"--awb-bg-size:cover;width:13.3333%; margin-right: 4%;\"><div class=\"fusion-column-wrapper fusion-flex-column-wrapper-legacy\"><div class=\"fusion-text fusion-text-2\"><p><img decoding=\"async\" class=\"alignnone size-full wp-image-16\" src=\"https:\/\/swiss-soroptimist.ch\/wp-content\/uploads\/2015\/12\/er.jpg\" alt=\"er\" width=\"169\" height=\"237\" \/><\/p>\n<\/div><div class=\"fusion-clearfix\"><\/div><\/div><\/div><div class=\"fusion-layout-column fusion_builder_column fusion-builder-column-3 fusion_builder_column_1_6 1_6 fusion-one-sixth fusion-column-last\" style=\"--awb-bg-size:cover;width:13.3333%;\"><div class=\"fusion-column-wrapper fusion-flex-column-wrapper-legacy\"><div class=\"fusion-text fusion-text-3\"><p><img decoding=\"async\" class=\"alignnone size-full wp-image-15\" src=\"https:\/\/swiss-soroptimist.ch\/wp-content\/uploads\/2015\/12\/sie.jpg\" alt=\"sie\" width=\"169\" height=\"237\" \/><\/p>\n<\/div><div class=\"fusion-clearfix\"><\/div><\/div><\/div><div class=\"fusion-layout-column fusion_builder_column fusion-builder-column-4 fusion_builder_column_2_3 2_3 fusion-two-third fusion-column-first\" style=\"--awb-bg-size:cover;width:65.3333%; margin-right: 4%;\"><div class=\"fusion-column-wrapper fusion-flex-column-wrapper-legacy\"><div class=\"fusion-text fusion-text-4\"><p><img decoding=\"async\" class=\"alignnone size-full wp-image-22\" src=\"https:\/\/swiss-soroptimist.ch\/wp-content\/uploads\/2015\/12\/1921-sorop.jpg\" alt=\"1921-sorop\" width=\"835\" height=\"237\" srcset=\"https:\/\/swiss-soroptimist.ch\/wp-content\/uploads\/2015\/12\/1921-sorop-300x85.jpg 300w, https:\/\/swiss-soroptimist.ch\/wp-content\/uploads\/2015\/12\/1921-sorop-500x142.jpg 500w, https:\/\/swiss-soroptimist.ch\/wp-content\/uploads\/2015\/12\/1921-sorop.jpg 835w\" sizes=\"(max-width: 835px) 100vw, 835px\" \/><\/p>\n<\/div><div class=\"fusion-clearfix\"><\/div><\/div><\/div><div class=\"fusion-layout-column fusion_builder_column fusion-builder-column-5 fusion_builder_column_1_3 1_3 fusion-one-third fusion-column-last\" style=\"--awb-bg-size:cover;width:30.6666%;\"><div class=\"fusion-column-wrapper fusion-flex-column-wrapper-legacy\"><div class=\"fusion-text fusion-text-5\"><p><img decoding=\"async\" class=\"alignnone size-full wp-image-21\" src=\"https:\/\/swiss-soroptimist.ch\/wp-content\/uploads\/2015\/12\/hotel1.jpg\" alt=\"hotel1\" width=\"390\" height=\"237\" srcset=\"https:\/\/swiss-soroptimist.ch\/wp-content\/uploads\/2015\/12\/hotel1-300x182.jpg 300w, https:\/\/swiss-soroptimist.ch\/wp-content\/uploads\/2015\/12\/hotel1.jpg 390w\" sizes=\"(max-width: 390px) 100vw, 390px\" \/><\/p>\n<\/div><div class=\"fusion-clearfix\"><\/div><\/div><\/div><div class=\"fusion-layout-column fusion_builder_column fusion-builder-column-6 fusion_builder_column_1_1 1_1 fusion-one-full fusion-column-first fusion-column-last fusion-column-no-min-height\" style=\"--awb-bg-size:cover;--awb-margin-bottom:0px;\"><div class=\"fusion-column-wrapper fusion-flex-column-wrapper-legacy\"><div class=\"fusion-sep-clear\"><\/div><div class=\"fusion-separator fusion-full-width-sep\" style=\"margin-left: auto;margin-right: auto;margin-top:50px;width:100%;\"><\/div><div class=\"fusion-sep-clear\"><\/div><div class=\"fusion-clearfix\"><\/div><\/div><\/div><\/div><\/div><div class=\"fusion-fullwidth fullwidth-box fusion-builder-row-2 nonhundred-percent-fullwidth non-hundred-percent-height-scrolling\" style=\"--awb-background-position:left top;--awb-border-sizes-top:0px;--awb-border-sizes-bottom:0px;--awb-border-sizes-left:0px;--awb-border-sizes-right:0px;--awb-border-radius-top-left:0px;--awb-border-radius-top-right:0px;--awb-border-radius-bottom-right:0px;--awb-border-radius-bottom-left:0px;--awb-padding-top:20px;--awb-padding-bottom:20px;--awb-flex-wrap:wrap;\" ><div class=\"fusion-builder-row fusion-row\"><div class=\"fusion-layout-column fusion_builder_column fusion-builder-column-7 fusion_builder_column_1_1 1_1 fusion-one-full fusion-column-first fusion-column-last fusion-column-no-min-height\" style=\"--awb-bg-size:cover;--awb-margin-bottom:0px;\"><div class=\"fusion-column-wrapper fusion-flex-column-wrapper-legacy\"><div class=\"fusion-sep-clear\"><\/div><div class=\"fusion-separator fusion-full-width-sep\" style=\"margin-left: auto;margin-right: auto;margin-top:20px;width:100%;\"><\/div><div class=\"fusion-sep-clear\"><\/div><div class=\"fusion-clearfix\"><\/div><\/div><\/div><div class=\"fusion-layout-column fusion_builder_column fusion-builder-column-8 fusion_builder_column_3_5 3_5 fusion-three-fifth fusion-column-first\" style=\"--awb-bg-size:cover;width:58.4%; margin-right: 4%;\"><div class=\"fusion-column-wrapper fusion-flex-column-wrapper-legacy\"><div class=\"fusion-text fusion-text-6\"><h3>C\u2019est le premier club-service pour des femmes engag\u00e9es dans la vie professionnelle.<\/h3>\n<p>Et pas moins de 80 d\u2019entre elles adh\u00e9r\u00e8rent \u00e0 cette nouvelle organisation. Leur premier projet fut ax\u00e9 sur l\u2019environnement, avec l\u2019action \u00ab Save the Redwood \u00bb, pour sauver les s\u00e9quoias g\u00e9ants en voie de disparition. Ce fut un succ\u00e8s et une grande partie des arbres furent class\u00e9s dans une zone de protection qui existe encore aujourd\u2019hui. L\u2019Organisation s\u2019\u00e9tendit rapidement en dehors des USA et plusieurs clubs furent cr\u00e9\u00e9s en Europe d\u00e8s 1924.<\/p>\n<p>A Paris, le premier Club fut fond\u00e9 par la Dr Suzanne No\u00ebl, pionni\u00e8re en chirurgie r\u00e9paratrice et premi\u00e8re femme chirurgienne esth\u00e9tique. Par la cr\u00e9ation de Clubs Soroptimist \u00e0 La Haye et \u00e0 Milan, elle a pos\u00e9 la premi\u00e8re pierre de la F\u00e9d\u00e9ration Europ\u00e9enne du Soroptimist International.<\/p>\n<\/div><div class=\"fusion-clearfix\"><\/div><\/div><\/div><div class=\"fusion-layout-column fusion_builder_column fusion-builder-column-9 fusion_builder_column_2_5 2_5 fusion-two-fifth fusion-column-last\" style=\"--awb-bg-size:cover;width:37.6%;\"><div class=\"fusion-column-wrapper fusion-flex-column-wrapper-legacy\"><div class=\"fusion-text fusion-text-7\"><h3>SI Union Suisse<\/h3>\n<p>Le premier club en Suisse a \u00e9t\u00e9 fond\u00e9 en 1930 \u00e0 Gen\u00e8ve. Aujourd\u2019hui l\u2019Union Suisse compte 63 clubs et 2000 membres. Les clubs individuels op\u00e8rent au niveau local, national et international en visant \u00e0 am\u00e9liorer la vie des femmes et des filles, afin de les aider \u00e0 atteindre leurs objectifs et avoir une voix \u00e9gale \u00e0 tous les niveaux de la soci\u00e9t\u00e9.<\/p>\n<\/div><div class=\"fusion-clearfix\"><\/div><\/div><\/div><\/div><\/div><div class=\"fusion-fullwidth fullwidth-box fusion-builder-row-3 has-pattern-background has-mask-background nonhundred-percent-fullwidth non-hundred-percent-height-scrolling\" style=\"--awb-background-position:left top;--awb-border-sizes-top:0px;--awb-border-sizes-bottom:0px;--awb-border-sizes-left:0px;--awb-border-sizes-right:0px;--awb-border-radius-top-left:0px;--awb-border-radius-top-right:0px;--awb-border-radius-bottom-right:0px;--awb-border-radius-bottom-left:0px;--awb-padding-top:20px;--awb-padding-bottom:20px;--awb-background-color:#efefef;--awb-flex-wrap:wrap;\" ><div class=\"fusion-builder-row fusion-row\"><div class=\"fusion-layout-column fusion_builder_column fusion-builder-column-10 fusion_builder_column_1_3 1_3 fusion-one-third fusion-column-first\" style=\"--awb-bg-size:cover;width:30.6666%; margin-right: 4%;\"><div class=\"fusion-column-wrapper fusion-flex-column-wrapper-legacy\"><div class=\"fusion-sep-clear\"><\/div><div class=\"fusion-separator fusion-full-width-sep\" style=\"margin-left: auto;margin-right: auto;margin-top:30px;width:100%;\"><\/div><div class=\"fusion-sep-clear\"><\/div><div class=\"fusion-image-element in-legacy-container\" style=\"--awb-caption-title-font-family:var(--h2_typography-font-family);--awb-caption-title-font-weight:var(--h2_typography-font-weight);--awb-caption-title-font-style:var(--h2_typography-font-style);--awb-caption-title-size:var(--h2_typography-font-size);--awb-caption-title-transform:var(--h2_typography-text-transform);--awb-caption-title-line-height:var(--h2_typography-line-height);--awb-caption-title-letter-spacing:var(--h2_typography-letter-spacing);\"><span class=\" fusion-imageframe imageframe-none imageframe-1 hover-type-none\" style=\"border:1px solid #000856;\"><img decoding=\"async\" width=\"1410\" height=\"1182\" title=\"Livre Soroptimist\" src=\"https:\/\/swiss-soroptimist.ch\/wp-content\/uploads\/2025\/12\/Livre-Soroptimist.jpg\" alt class=\"img-responsive wp-image-24166\" srcset=\"https:\/\/swiss-soroptimist.ch\/wp-content\/uploads\/2025\/12\/Livre-Soroptimist-200x168.jpg 200w, https:\/\/swiss-soroptimist.ch\/wp-content\/uploads\/2025\/12\/Livre-Soroptimist-400x335.jpg 400w, https:\/\/swiss-soroptimist.ch\/wp-content\/uploads\/2025\/12\/Livre-Soroptimist-600x503.jpg 600w, https:\/\/swiss-soroptimist.ch\/wp-content\/uploads\/2025\/12\/Livre-Soroptimist-800x671.jpg 800w, https:\/\/swiss-soroptimist.ch\/wp-content\/uploads\/2025\/12\/Livre-Soroptimist-1200x1006.jpg 1200w, https:\/\/swiss-soroptimist.ch\/wp-content\/uploads\/2025\/12\/Livre-Soroptimist.jpg 1410w\" sizes=\"(max-width: 800px) 100vw, 400px\" \/><\/span><\/div><div class=\"fusion-clearfix\"><\/div><\/div><\/div><div class=\"fusion-layout-column fusion_builder_column fusion-builder-column-11 fusion_builder_column_2_3 2_3 fusion-two-third fusion-column-last\" style=\"--awb-bg-size:cover;width:65.3333%;\"><div class=\"fusion-column-wrapper fusion-flex-column-wrapper-legacy\"><div class=\"fusion-sep-clear\"><\/div><div class=\"fusion-separator fusion-full-width-sep\" style=\"margin-left: auto;margin-right: auto;margin-top:30px;width:100%;\"><\/div><div class=\"fusion-sep-clear\"><\/div><div class=\"fusion-text fusion-text-8\"><div class=\"html-div xdj266r x14z9mp xat24cr x1lziwak xexx8yu xyri2b x18d9i69 x1c1uobl\" dir=\"auto\">\n<div class=\"html-div xdj266r x14z9mp xat24cr x1lziwak xexx8yu xyri2b x18d9i69 x1c1uobl\" data-ad-rendering-role=\"story_message\">\n<div id=\"_r_15b_\" class=\"x1l90r2v x1iorvi4 x1g0dm76 xpdmqnj\" data-ad-comet-preview=\"message\" data-ad-preview=\"message\">\n<div class=\"x78zum5 xdt5ytf xz62fqu x16ldp7u\">\n<div class=\"xu06os2 x1ok221b\">\n<div class=\"html-div xdj266r x14z9mp xat24cr x1lziwak xexx8yu xyri2b x18d9i69 x1c1uobl\">\n<div class=\"xdj266r x14z9mp xat24cr x1lziwak x1vvkbs x126k92a\">\n<div dir=\"auto\"><span class=\"html-span xexx8yu xyri2b x18d9i69 x1c1uobl x1hl2dhg x16tdsg8 x1vvkbs x3nfvp2 x1j61x8r x1fcty0u xdj266r xat24cr xm2jcoa x1mpyi22 xxymvpz xlup9mm x1kky2od\"><img decoding=\"async\" class=\"xz74otr x15mokao x1ga7v0g x16uus16 xbiv7yw\" src=\"https:\/\/static.xx.fbcdn.net\/images\/emoji.php\/v9\/tf7\/2\/16\/1f929.png\" alt=\"\ud83e\udd29\" width=\"16\" height=\"16\" \/><\/span> D\u00e9couvrez l&rsquo;histoire inspirante derri\u00e8re SOROPTIMIST INTERNATIONAL \u2013 Un r\u00e9seau mondial donne voix aus femmes.<\/div>\n<div dir=\"auto\">Bas\u00e9e sur l&rsquo;ouvrage italien acclam\u00e9 d&rsquo;Anna Maria Isastia c\u00e9l\u00e9brant les 100 ans de Soroptimist International, cette nouvelle \u00e9dition fran\u00e7aise offre un regard neuf et accessible sur le parcours remarquable de l&rsquo;organisation, depuis sa fondation jusqu&rsquo;\u00e0 son impact mondial sur l&rsquo;autonomisation des femmes \u00e0 travers le monde.<\/div>\n<div dir=\"auto\"><span class=\"html-span xexx8yu xyri2b x18d9i69 x1c1uobl x1hl2dhg x16tdsg8 x1vvkbs x3nfvp2 x1j61x8r x1fcty0u xdj266r xat24cr xm2jcoa x1mpyi22 xxymvpz xlup9mm x1kky2od\"><img decoding=\"async\" class=\"xz74otr x15mokao x1ga7v0g x16uus16 xbiv7yw\" src=\"https:\/\/static.xx.fbcdn.net\/images\/emoji.php\/v9\/tf0\/2\/16\/1f449.png\" alt=\"\ud83d\udc49\" width=\"16\" height=\"16\" \/><\/span> Il suffit d&rsquo;aller sur Amazon Books et de taper : SOROPTIMIST INTERNATIONAL<\/div>\n<\/div>\n<\/div>\n<\/div>\n<\/div>\n<\/div>\n<\/div>\n<\/div>\n<\/div><div class=\"fusion-clearfix\"><\/div><\/div><\/div><\/div><\/div><\/p>\n","protected":false},"excerpt":{"rendered":"","protected":false},"author":2,"featured_media":0,"parent":0,"menu_order":0,"comment_status":"closed","ping_status":"closed","template":"100-width.php","meta":{"footnotes":""},"class_list":["post-635","page","type-page","status-publish","hentry"],"_links":{"self":[{"href":"https:\/\/swiss-soroptimist.ch\/fr\/wp-json\/wp\/v2\/pages\/635","targetHints":{"allow":["GET"]}}],"collection":[{"href":"https:\/\/swiss-soroptimist.ch\/fr\/wp-json\/wp\/v2\/pages"}],"about":[{"href":"https:\/\/swiss-soroptimist.ch\/fr\/wp-json\/wp\/v2\/types\/page"}],"author":[{"embeddable":true,"href":"https:\/\/swiss-soroptimist.ch\/fr\/wp-json\/wp\/v2\/users\/2"}],"replies":[{"embeddable":true,"href":"https:\/\/swiss-soroptimist.ch\/fr\/wp-json\/wp\/v2\/comments?post=635"}],"version-history":[{"count":11,"href":"https:\/\/swiss-soroptimist.ch\/fr\/wp-json\/wp\/v2\/pages\/635\/revisions"}],"predecessor-version":[{"id":24381,"href":"https:\/\/swiss-soroptimist.ch\/fr\/wp-json\/wp\/v2\/pages\/635\/revisions\/24381"}],"wp:attachment":[{"href":"https:\/\/swiss-soroptimist.ch\/fr\/wp-json\/wp\/v2\/media?parent=635"}],"curies":[{"name":"wp","href":"https:\/\/api.w.org\/{rel}","templated":true}]}}