{"id":622,"date":"2015-12-14T07:56:44","date_gmt":"2015-12-14T06:56:44","guid":{"rendered":"https:\/\/swiss-soroptimist.ch\/fr\/?page_id=622"},"modified":"2023-04-14T17:03:11","modified_gmt":"2023-04-14T15:03:11","slug":"a-propos-soroptimist","status":"publish","type":"page","link":"https:\/\/swiss-soroptimist.ch\/fr\/a-propos-soroptimist\/","title":{"rendered":"A PROPOS SOROPTIMIST"},"content":{"rendered":"<p><div class=\"fusion-fullwidth fullwidth-box fusion-builder-row-1 fusion-parallax-fixed nonhundred-percent-fullwidth non-hundred-percent-height-scrolling\" style=\"--awb-background-position:center top;--awb-border-sizes-top:0px;--awb-border-sizes-bottom:0px;--awb-border-sizes-left:0px;--awb-border-sizes-right:0px;--awb-border-radius-top-left:0px;--awb-border-radius-top-right:0px;--awb-border-radius-bottom-right:0px;--awb-border-radius-bottom-left:0px;--awb-padding-top:20px;--awb-padding-bottom:20px;--awb-background-image:url(&quot;https:\/\/swiss-soroptimist.ch\/wp-content\/uploads\/2015\/12\/Frau-neu-blau.jpg&quot;);--awb-background-size:cover;--awb-flex-wrap:wrap;background-attachment:fixed;\" ><div class=\"fusion-builder-row fusion-row\"><div class=\"fusion-layout-column fusion_builder_column fusion-builder-column-0 fusion_builder_column_1_1 1_1 fusion-one-full fusion-column-first fusion-column-last\" style=\"--awb-padding-top:15%;--awb-padding-right:15%;--awb-padding-bottom:15%;--awb-padding-left:15%;--awb-bg-size:cover;\"><div class=\"fusion-column-wrapper fusion-flex-column-wrapper-legacy\"><div class=\"fusion-clearfix\"><\/div><\/div><\/div><\/div><\/div><div class=\"fusion-fullwidth fullwidth-box fusion-builder-row-2 nonhundred-percent-fullwidth non-hundred-percent-height-scrolling\" style=\"--awb-background-position:left top;--awb-border-sizes-top:0px;--awb-border-sizes-bottom:0px;--awb-border-sizes-left:0px;--awb-border-sizes-right:0px;--awb-border-radius-top-left:0px;--awb-border-radius-top-right:0px;--awb-border-radius-bottom-right:0px;--awb-border-radius-bottom-left:0px;--awb-padding-top:20px;--awb-padding-bottom:20px;--awb-flex-wrap:wrap;\" ><div class=\"fusion-builder-row fusion-row\"><div class=\"fusion-layout-column fusion_builder_column fusion-builder-column-1 fusion_builder_column_1_1 1_1 fusion-one-full fusion-column-first fusion-column-last fusion-column-no-min-height\" style=\"--awb-bg-size:cover;--awb-margin-bottom:0px;\"><div class=\"fusion-column-wrapper fusion-flex-column-wrapper-legacy\"><div class=\"fusion-sep-clear\"><\/div><div class=\"fusion-separator fusion-full-width-sep\" style=\"margin-left: auto;margin-right: auto;margin-top:20px;width:100%;\"><\/div><div class=\"fusion-sep-clear\"><\/div><div class=\"fusion-text fusion-text-1\"><h2><strong>A PROPOS DE SOROPTIMIST<\/strong><\/h2>\n<p>Le Soroptimist International r\u00e9unit des femmes de tous les continents, de toutes les cultures et de toutes les professions pour s&rsquo;engager dans le monde entier en faveur de l&rsquo;am\u00e9lioration des conditions de vie des femmes et des jeunes filles et pour contribuer \u00e0 une meilleure entente mondiale. Politiquement et confessionnellement neutre. EDUCATE &#8211; EMPOWER \u2013 ENABLE<\/p>\n<\/div><div class=\"fusion-clearfix\"><\/div><\/div><\/div><div class=\"fusion-layout-column fusion_builder_column fusion-builder-column-2 fusion_builder_column_3_4 3_4 fusion-three-fourth fusion-column-first\" style=\"--awb-bg-size:cover;width:74%; margin-right: 4%;\"><div class=\"fusion-column-wrapper fusion-flex-column-wrapper-legacy\"><div class=\"fusion-text fusion-text-2\"><h3><strong>Les 5 th\u00e8mes prioritaires des Soroptimists<\/strong><\/h3>\n<p><span style=\"color: #bfbfbf;\"><span style=\"color: #000000;\">En alignement avec cinq des Objectifs de d\u00e9veloppement durable (ODD) des Nations unies (ONU) pertinents pour les femmes.<\/span><\/span><\/p>\n<\/div><div class=\"fusion-text fusion-text-3\"><p><a href=\"https:\/\/swiss-soroptimist.ch\/wp-content\/uploads\/2023\/03\/Bildung-und-Wissen.jpg\"><img decoding=\"async\" class=\"size-full wp-image-18064 alignleft\" src=\"https:\/\/swiss-soroptimist.ch\/wp-content\/uploads\/2023\/03\/Bildung-und-Wissen.jpg\" alt=\"\" width=\"50\" height=\"50\" \/><\/a><strong>Education et Savoir<\/strong><br \/>\n(l&rsquo;ind\u00e9pendence gr\u00e2ce \u00e0 une meilleure formation)<\/p>\n<\/div><div class=\"fusion-text fusion-text-4\"><p><a href=\"https:\/\/swiss-soroptimist.ch\/wp-content\/uploads\/2023\/03\/Empowerent-und-Leadership.jpg\"><img decoding=\"async\" class=\"size-full wp-image-18066 alignleft\" src=\"https:\/\/swiss-soroptimist.ch\/wp-content\/uploads\/2023\/03\/Empowerent-und-Leadership.jpg\" alt=\"\" width=\"50\" height=\"50\" \/><\/a><strong>L&#8217;empowerment et le leadership<\/strong><br \/>\n(Empowerment gr\u00e2ce \u00e0 l&rsquo;aide financi\u00e8re Soroptimist)<\/p>\n<\/div><div class=\"fusion-text fusion-text-5\"><p><a href=\"https:\/\/swiss-soroptimist.ch\/wp-content\/uploads\/2023\/03\/Gegen-GewaltanFrauen.jpg\"><img decoding=\"async\" class=\"size-full wp-image-18068 alignleft\" src=\"https:\/\/swiss-soroptimist.ch\/wp-content\/uploads\/2023\/03\/Gegen-GewaltanFrauen.jpg\" alt=\"\" width=\"50\" height=\"50\" \/><\/a><strong>Contre la violence faite aux femmes et aux filles<\/strong><br \/>\n(Pr\u00e9vention gr\u00e2ce \u00e0 une campagne de sensibilisation)<\/p>\n<\/div><div class=\"fusion-text fusion-text-6\"><p><a href=\"https:\/\/swiss-soroptimist.ch\/wp-content\/uploads\/2023\/03\/Gesundheit-und-Ernaehrungssicherheit-1.jpg\"><img decoding=\"async\" class=\"size-full wp-image-18070 alignleft\" src=\"https:\/\/swiss-soroptimist.ch\/wp-content\/uploads\/2023\/03\/Gesundheit-und-Ernaehrungssicherheit-1.jpg\" alt=\"\" width=\"50\" height=\"50\" \/><\/a><strong>Sant\u00e9 et S\u00e9curit\u00e9 alimentaire<\/strong><br \/>\n(La sant\u00e9 gr\u00e2ce \u00e0 de meilleures conditions de vie)<\/p>\n<\/div><div class=\"fusion-text fusion-text-7\"><p><a href=\"https:\/\/swiss-soroptimist.ch\/wp-content\/uploads\/2023\/03\/Umwelt-und-Nachhaltigkeit-1.jpg\"><img decoding=\"async\" class=\"size-full wp-image-18072 alignleft\" src=\"https:\/\/swiss-soroptimist.ch\/wp-content\/uploads\/2023\/03\/Umwelt-und-Nachhaltigkeit-1.jpg\" alt=\"\" width=\"50\" height=\"50\" \/><\/a><strong>Environment et d\u00e9veloppement durable<\/strong><br \/>\n(Qualit\u00e9 de vie gr\u00e2ce \u00e0 un soutien durable)<\/p>\n<\/div><div class=\"fusion-clearfix\"><\/div><\/div><\/div><div class=\"fusion-layout-column fusion_builder_column fusion-builder-column-3 fusion_builder_column_1_4 1_4 fusion-one-fourth fusion-column-last\" style=\"--awb-padding-top:4%;--awb-padding-right:4%;--awb-padding-bottom:4%;--awb-padding-left:4%;--awb-bg-color:rgba(178,178,178,0);--awb-bg-color-hover:rgba(178,178,178,0);--awb-bg-size:cover;--awb-border-color:#e5e5e5;--awb-border-top:1px;--awb-border-right:1px;--awb-border-bottom:1px;--awb-border-left:1px;--awb-border-style:solid;width:22%;\"><div class=\"fusion-column-wrapper fusion-column-has-shadow fusion-flex-column-wrapper-legacy\"><div class=\"fusion-sep-clear\"><\/div><div class=\"fusion-separator fusion-full-width-sep\" style=\"margin-left: auto;margin-right: auto;margin-top:20px;width:100%;\"><\/div><div class=\"fusion-sep-clear\"><\/div><div class=\"fusion-text fusion-text-8\"><p><strong>Le nom<\/strong> \u00ab\u00a0Soroptimist\u00a0\u00bb est d\u00e9riv\u00e9 du latin \u00ab\u00a0sorores optimae\u00a0\u00bb (meilleures s\u0153urs) et peut \u00e9galement \u00eatre traduit par \u00ab\u00a0s\u0153urs qui veulent le meilleur\u00a0\u00bb.<\/p>\n<p><strong>Le logo<\/strong> du Soroptimist repr\u00e9sente une femme avec les bras lev\u00e9s et symbolise la libert\u00e9 et la responsabilit\u00e9. La feuille de ch\u00eane dans le cadre est un symbole de force, le laurier refl\u00e8te l&rsquo;ascension et le succ\u00e8s.<\/p>\n<\/div><div class=\"fusion-clearfix\"><\/div><\/div><\/div><\/div><\/div><div class=\"fusion-fullwidth fullwidth-box fusion-builder-row-3 fusion-parallax-fixed nonhundred-percent-fullwidth non-hundred-percent-height-scrolling\" style=\"--awb-background-position:center top;--awb-border-sizes-top:0px;--awb-border-sizes-bottom:0px;--awb-border-sizes-left:0px;--awb-border-sizes-right:0px;--awb-border-radius-top-left:0px;--awb-border-radius-top-right:0px;--awb-border-radius-bottom-right:0px;--awb-border-radius-bottom-left:0px;--awb-padding-top:20px;--awb-padding-bottom:20px;--awb-background-color:#e0e0e0;--awb-background-image:url(&quot;https:\/\/swiss-soroptimist.ch\/wp-content\/uploads\/2015\/12\/Frau-neu-blau.jpg&quot;);--awb-background-size:cover;--awb-flex-wrap:wrap;background-attachment:fixed;\" ><div class=\"fusion-builder-row fusion-row\"><div class=\"fusion-layout-column fusion_builder_column fusion-builder-column-4 fusion_builder_column_1_1 1_1 fusion-one-full fusion-column-first fusion-column-last\" style=\"--awb-bg-size:cover;\"><div class=\"fusion-column-wrapper fusion-flex-column-wrapper-legacy\"><div class=\"fusion-sep-clear\"><\/div><div class=\"fusion-separator fusion-full-width-sep\" style=\"margin-left: auto;margin-right: auto;margin-top:20px;width:100%;\"><\/div><div class=\"fusion-sep-clear\"><\/div><div class=\"fusion-clearfix\"><\/div><\/div><\/div><div class=\"fusion-layout-column fusion_builder_column fusion-builder-column-5 fusion_builder_column_3_5 3_5 fusion-three-fifth fusion-column-first\" style=\"--awb-bg-size:cover;width:58.4%; margin-right: 4%;\"><div class=\"fusion-column-wrapper fusion-flex-column-wrapper-legacy\"><div class=\"fusion-text fusion-text-9\"><h2><span style=\"color: #ffffff;\">Le Soroptimist International<\/span><\/h2>\n<p><span style=\"color: #ffffff;\">se compose des cinq f\u00e9d\u00e9rations suivantes :<\/span><\/p>\n<p><span style=\"color: #0000ff;\">\u00a0<\/span><\/p>\n<h3><\/h3>\n<\/div><div class=\"fusion-clearfix\"><\/div><\/div><\/div><div class=\"fusion-layout-column fusion_builder_column fusion-builder-column-6 fusion_builder_column_2_5 2_5 fusion-two-fifth fusion-column-last\" style=\"--awb-bg-size:cover;width:37.6%;\"><div class=\"fusion-column-wrapper fusion-flex-column-wrapper-legacy\"><div class=\"fusion-clearfix\"><\/div><\/div><\/div><div class=\"fusion-layout-column fusion_builder_column fusion-builder-column-7 fusion_builder_column_3_5 3_5 fusion-three-fifth fusion-column-first\" style=\"--awb-padding-top:5%;--awb-padding-right:5%;--awb-padding-bottom:5%;--awb-padding-left:5%;--awb-bg-size:cover;--awb-border-color:#5463a7;--awb-border-top:1px;--awb-border-right:1px;--awb-border-bottom:1px;--awb-border-left:1px;--awb-border-style:solid;width:58.4%; margin-right: 4%;\"><div class=\"fusion-column-wrapper fusion-flex-column-wrapper-legacy\"><div class=\"fusion-text fusion-text-10\"><p><span style=\"color: #ffffff;\">Africa SIAF \u2022 SI Africa Federation <\/span><\/p>\n<\/div><div class=\"fusion-sep-clear\"><\/div><div class=\"fusion-separator fusion-full-width-sep\" style=\"margin-left: auto;margin-right: auto;margin-bottom:20px;width:100%;\"><div class=\"fusion-separator-border sep-single sep-solid\" style=\"--awb-height:20px;--awb-amount:20px;--awb-sep-color:#ffda23;border-color:#ffda23;border-top-width:1px;\"><\/div><\/div><div class=\"fusion-sep-clear\"><\/div><div class=\"fusion-text fusion-text-11\"><p><span style=\"color: #ffffff;\"><a style=\"color: #ffffff;\" href=\"http:\/\/www.soroptimist.org\" target=\"_blank\" rel=\"noopener noreferrer\">Amerika SIA \u2022 SI of the Americas <\/a><\/span><\/p>\n<\/div><div class=\"fusion-sep-clear\"><\/div><div class=\"fusion-separator fusion-full-width-sep\" style=\"margin-left: auto;margin-right: auto;margin-bottom:20px;width:100%;\"><div class=\"fusion-separator-border sep-single sep-solid\" style=\"--awb-height:20px;--awb-amount:20px;--awb-sep-color:#ffda23;border-color:#ffda23;border-top-width:1px;\"><\/div><\/div><div class=\"fusion-sep-clear\"><\/div><div class=\"fusion-text fusion-text-12\"><p><span style=\"color: #ffffff;\">Europa SIE \u2022 SI of Europe<\/span><\/p>\n<\/div><div class=\"fusion-sep-clear\"><\/div><div class=\"fusion-separator fusion-full-width-sep\" style=\"margin-left: auto;margin-right: auto;margin-bottom:20px;width:100%;\"><div class=\"fusion-separator-border sep-single sep-solid\" style=\"--awb-height:20px;--awb-amount:20px;--awb-sep-color:#ffda23;border-color:#ffda23;border-top-width:1px;\"><\/div><\/div><div class=\"fusion-sep-clear\"><\/div><div class=\"fusion-text fusion-text-13\"><p><span style=\"color: #ffffff;\">Grossbritannien und Irland SIGBI \u2022 SI of Great Britain and Ireland<\/span><\/p>\n<\/div><div class=\"fusion-sep-clear\"><\/div><div class=\"fusion-separator fusion-full-width-sep\" style=\"margin-left: auto;margin-right: auto;margin-bottom:20px;width:100%;\"><div class=\"fusion-separator-border sep-single sep-solid\" style=\"--awb-height:20px;--awb-amount:20px;--awb-sep-color:#ffda23;border-color:#ffda23;border-top-width:1px;\"><\/div><\/div><div class=\"fusion-sep-clear\"><\/div><div class=\"fusion-text fusion-text-14\"><p><span style=\"color: #ffffff;\">S\u00fcdostasien und Pazifik SISEAP \u2022 SI of South East Asia Pacific<\/span><\/p>\n<\/div><div class=\"fusion-clearfix\"><\/div><\/div><\/div><div class=\"fusion-layout-column fusion_builder_column fusion-builder-column-8 fusion_builder_column_2_5 2_5 fusion-two-fifth fusion-column-last\" style=\"--awb-bg-size:cover;width:37.6%;\"><div class=\"fusion-column-wrapper fusion-flex-column-wrapper-legacy\"><div class=\"fusion-clearfix\"><\/div><\/div><\/div><div class=\"fusion-layout-column fusion_builder_column fusion-builder-column-9 fusion_builder_column_1_1 1_1 fusion-one-full fusion-column-first fusion-column-last fusion-column-no-min-height\" style=\"--awb-bg-size:cover;--awb-margin-bottom:0px;\"><div class=\"fusion-column-wrapper fusion-flex-column-wrapper-legacy\"><div class=\"fusion-sep-clear\"><\/div><div class=\"fusion-separator fusion-full-width-sep\" style=\"margin-left: auto;margin-right: auto;margin-top:50px;width:100%;\"><\/div><div class=\"fusion-sep-clear\"><\/div><div class=\"fusion-clearfix\"><\/div><\/div><\/div><\/div><\/div><div class=\"fusion-fullwidth fullwidth-box fusion-builder-row-4 nonhundred-percent-fullwidth non-hundred-percent-height-scrolling\" style=\"--awb-background-position:left top;--awb-border-sizes-top:0px;--awb-border-sizes-bottom:0px;--awb-border-sizes-left:0px;--awb-border-sizes-right:0px;--awb-border-radius-top-left:0px;--awb-border-radius-top-right:0px;--awb-border-radius-bottom-right:0px;--awb-border-radius-bottom-left:0px;--awb-padding-top:20px;--awb-padding-bottom:20px;--awb-flex-wrap:wrap;\" ><div class=\"fusion-builder-row fusion-row\"><div class=\"fusion-layout-column fusion_builder_column fusion-builder-column-10 fusion_builder_column_1_1 1_1 fusion-one-full fusion-column-first fusion-column-last fusion-column-no-min-height\" style=\"--awb-bg-size:cover;--awb-margin-bottom:0px;\"><div class=\"fusion-column-wrapper fusion-flex-column-wrapper-legacy\"><div class=\"fusion-sep-clear\"><\/div><div class=\"fusion-separator fusion-full-width-sep\" style=\"margin-left: auto;margin-right: auto;margin-top:50px;width:100%;\"><\/div><div class=\"fusion-sep-clear\"><\/div><div class=\"fusion-clearfix\"><\/div><\/div><\/div><div class=\"fusion-layout-column fusion_builder_column fusion-builder-column-11 fusion_builder_column_1_2 1_2 fusion-one-half fusion-column-first\" style=\"--awb-bg-size:cover;width:48%; margin-right: 4%;\"><div class=\"fusion-column-wrapper fusion-flex-column-wrapper-legacy\"><div class=\"fusion-text fusion-text-15\"><h3><strong>Accr\u00e9ditation \/ Coop\u00e9ration<\/strong><\/h3>\n<h3><strong><span style=\"color: #ffffff;\"><span style=\"color: #001355;\">\u00a0<\/span><\/span><\/strong><\/h3>\n<\/div><div class=\"fusion-text fusion-text-16\"><p>La F\u00e9d\u00e9ration europ\u00e9enne du Soroptimist International (SI\/E) est une ONG si\u00e9geant au Conseil de l\u2019Europe de Strasbourg avec statut consultatif.<\/p>\n<\/div><div class=\"fusion-text fusion-text-17\"><p>Le Soroptimist International est une ONG (Organisation non gouvernementale). Il a un statut consultatif aupr\u00e8s du Conseil \u00e9conomique et social des Nations-Unies (ECOSOC), et est repr\u00e9sent\u00e9 aupr\u00e8s de l\u2019ONU \u00e0 Gen\u00e8ve, New York, Vienne, Paris, Rome, Nairobi et Bangkok :<\/p>\n<p><span style=\"color: #000000;\">\u00a0<\/span><\/p>\n<\/div><div class=\"fusion-clearfix\"><\/div><\/div><\/div><div class=\"fusion-layout-column fusion_builder_column fusion-builder-column-12 fusion_builder_column_1_2 1_2 fusion-one-half fusion-column-last\" style=\"--awb-bg-size:cover;width:48%;\"><div class=\"fusion-column-wrapper fusion-flex-column-wrapper-legacy\"><ul style=\"--awb-size:18px;--awb-iconcolor:#001355;--awb-line-height:30.6px;--awb-icon-width:30.6px;--awb-icon-height:30.6px;--awb-icon-margin:12.6px;--awb-content-margin:43.2px;\" class=\"fusion-checklist fusion-checklist-1 fusion-checklist-default type-icons\"><li class=\"fusion-li-item\" style=\"\"><span class=\"icon-wrapper circle-no\"><i class=\"fusion-li-icon fa-check fas\" aria-hidden=\"true\"><\/i><\/span><div class=\"fusion-li-item-content\">\n<p><span style=\"color: #999999;\"><strong>Organisation Internationale du Travail (OIT)<\/strong><\/span><\/p>\n<\/div><\/li><li class=\"fusion-li-item\" style=\"\"><span class=\"icon-wrapper circle-no\"><i class=\"fusion-li-icon fa-check fas\" aria-hidden=\"true\"><\/i><\/span><div class=\"fusion-li-item-content\">\n<p><span style=\"color: #999999;\"><strong>Programme des Nations Unies pour l\u2019environnement (UNEP)<\/strong><\/span><\/p>\n<\/div><\/li><li class=\"fusion-li-item\" style=\"\"><span class=\"icon-wrapper circle-no\"><i class=\"fusion-li-icon fa-check fas\" aria-hidden=\"true\"><\/i><\/span><div class=\"fusion-li-item-content\">\n<p><span style=\"color: #999999;\"><strong>Organisation des Nations Unies pour l\u2019\u00e9ducation, la science et la culture (UNESCO)<\/strong><\/span><\/p>\n<\/div><\/li><li class=\"fusion-li-item\" style=\"\"><span class=\"icon-wrapper circle-no\"><i class=\"fusion-li-icon fa-check fas\" aria-hidden=\"true\"><\/i><\/span><div class=\"fusion-li-item-content\">\n<p><span style=\"color: #999999;\"><strong>Haut-Commissariat des Nations Unies pour les r\u00e9fugi\u00e9s (UNHCR)<\/strong><\/span><\/p>\n<\/div><\/li><li class=\"fusion-li-item\" style=\"\"><span class=\"icon-wrapper circle-no\"><i class=\"fusion-li-icon fa-check fas\" aria-hidden=\"true\"><\/i><\/span><div class=\"fusion-li-item-content\">\n<p><span style=\"color: #999999;\"><strong>Fonds des Nations Unies pour l\u2019enfance (UNICEF)<\/strong><\/span><\/p>\n<\/div><\/li><li class=\"fusion-li-item\" style=\"\"><span class=\"icon-wrapper circle-no\"><i class=\"fusion-li-icon fa-check fas\" aria-hidden=\"true\"><\/i><\/span><div class=\"fusion-li-item-content\">\n<p><span style=\"color: #999999;\"><strong>Organisation pour le d\u00e9veloppement industriel (ONUDI)<\/strong><\/span><\/p>\n<\/div><\/li><li class=\"fusion-li-item\" style=\"\"><span class=\"icon-wrapper circle-no\"><i class=\"fusion-li-icon fa-check fas\" aria-hidden=\"true\"><\/i><\/span><div class=\"fusion-li-item-content\">\n<p><span style=\"color: #999999;\"><strong>Organisation mondiale de la Sant\u00e9 (OMS)<\/strong><\/span><\/p>\n<\/div><\/li><li class=\"fusion-li-item\" style=\"\"><span class=\"icon-wrapper circle-no\"><i class=\"fusion-li-icon fa-check fas\" aria-hidden=\"true\"><\/i><\/span><div class=\"fusion-li-item-content\">\n<p><span style=\"color: #999999;\"><strong>Organisation pour la s\u00e9curit\u00e9 et la coop\u00e9ration en Europe (OSCE)<\/strong><\/span><\/p>\n<\/div><\/li><\/ul><div class=\"fusion-clearfix\"><\/div><\/div><\/div><\/div><\/div><\/p>\n","protected":false},"excerpt":{"rendered":"","protected":false},"author":2,"featured_media":0,"parent":0,"menu_order":0,"comment_status":"closed","ping_status":"closed","template":"100-width.php","meta":{"footnotes":""},"class_list":["post-622","page","type-page","status-publish","hentry"],"_links":{"self":[{"href":"https:\/\/swiss-soroptimist.ch\/fr\/wp-json\/wp\/v2\/pages\/622","targetHints":{"allow":["GET"]}}],"collection":[{"href":"https:\/\/swiss-soroptimist.ch\/fr\/wp-json\/wp\/v2\/pages"}],"about":[{"href":"https:\/\/swiss-soroptimist.ch\/fr\/wp-json\/wp\/v2\/types\/page"}],"author":[{"embeddable":true,"href":"https:\/\/swiss-soroptimist.ch\/fr\/wp-json\/wp\/v2\/users\/2"}],"replies":[{"embeddable":true,"href":"https:\/\/swiss-soroptimist.ch\/fr\/wp-json\/wp\/v2\/comments?post=622"}],"version-history":[{"count":36,"href":"https:\/\/swiss-soroptimist.ch\/fr\/wp-json\/wp\/v2\/pages\/622\/revisions"}],"predecessor-version":[{"id":19348,"href":"https:\/\/swiss-soroptimist.ch\/fr\/wp-json\/wp\/v2\/pages\/622\/revisions\/19348"}],"wp:attachment":[{"href":"https:\/\/swiss-soroptimist.ch\/fr\/wp-json\/wp\/v2\/media?parent=622"}],"curies":[{"name":"wp","href":"https:\/\/api.w.org\/{rel}","templated":true}]}}