{"id":615,"date":"2015-12-14T07:36:36","date_gmt":"2015-12-14T06:36:36","guid":{"rendered":"https:\/\/swiss-soroptimist.ch\/fr\/?page_id=615"},"modified":"2018-01-17T20:57:40","modified_gmt":"2018-01-17T19:57:40","slug":"portrait","status":"publish","type":"page","link":"https:\/\/swiss-soroptimist.ch\/fr\/portrait\/","title":{"rendered":"PORTRAIT"},"content":{"rendered":"<p><div class=\"fusion-fullwidth fullwidth-box fusion-builder-row-1 hundred-percent-fullwidth non-hundred-percent-height-scrolling\" style=\"--awb-border-radius-top-left:0px;--awb-border-radius-top-right:0px;--awb-border-radius-bottom-right:0px;--awb-border-radius-bottom-left:0px;--awb-overflow:visible;--awb-padding-right:20px;--awb-padding-left:20px;--awb-flex-wrap:wrap;\" ><div class=\"fusion-builder-row fusion-row\"><div class=\"fusion-layout-column fusion_builder_column fusion-builder-column-0 fusion_builder_column_1_1 1_1 fusion-one-full fusion-column-first fusion-column-last fusion-column-no-min-height\" style=\"--awb-bg-size:cover;--awb-margin-bottom:0px;\"><div class=\"fusion-column-wrapper fusion-flex-column-wrapper-legacy\">[rev_slider alias=\u00a0\u00bbnicole-hasler-fr\u00a0\u00bb]<div class=\"fusion-clearfix\"><\/div><\/div><\/div><\/div><\/div><div class=\"fusion-fullwidth fullwidth-box fusion-builder-row-2 nonhundred-percent-fullwidth non-hundred-percent-height-scrolling\" style=\"--awb-background-position:left top;--awb-border-radius-top-left:0px;--awb-border-radius-top-right:0px;--awb-border-radius-bottom-right:0px;--awb-border-radius-bottom-left:0px;--awb-padding-top:20px;--awb-padding-bottom:20px;--awb-background-color:#efefef;--awb-border-sizes-top:0px;--awb-border-sizes-bottom:0px;--awb-flex-wrap:wrap;\" ><div class=\"fusion-builder-row fusion-row\"><div class=\"fusion-layout-column fusion_builder_column fusion-builder-column-1 fusion_builder_column_1_1 1_1 fusion-one-full fusion-column-first fusion-column-last\" style=\"--awb-bg-size:cover;\"><div class=\"fusion-column-wrapper fusion-flex-column-wrapper-legacy\"><div class=\"fusion-sep-clear\"><\/div><div class=\"fusion-separator fusion-full-width-sep\" style=\"margin-left: auto;margin-right: auto;margin-top:30px;width:100%;\"><\/div><div class=\"fusion-sep-clear\"><\/div><div class=\"fusion-text fusion-text-1\"><p style=\"text-align: center;\"><span style=\"color: #ffffff;\"><span style=\"color: #001355;\">PORTRAIT NICOLE HASLER<\/span><\/span><\/p>\n<\/div><div class=\"fusion-clearfix\"><\/div><\/div><\/div><div class=\"fusion-layout-column fusion_builder_column fusion-builder-column-2 fusion_builder_column_1_4 1_4 fusion-one-fourth fusion-column-first\" style=\"--awb-bg-size:cover;width:22%; margin-right: 4%;\"><div class=\"fusion-column-wrapper fusion-flex-column-wrapper-legacy\"><div class=\"fusion-clearfix\"><\/div><\/div><\/div><div class=\"fusion-layout-column fusion_builder_column fusion-builder-column-3 fusion_builder_column_1_2 1_2 fusion-one-half\" style=\"--awb-bg-size:cover;width:48%; margin-right: 4%;\"><div class=\"fusion-column-wrapper fusion-flex-column-wrapper-legacy\"><div class=\"fusion-text fusion-text-2\"><p><span style=\"color: #ffffff;\"><span style=\"color: #001355;\"><img decoding=\"async\" class=\"size-full wp-image-44 aligncenter\" src=\"https:\/\/swiss-soroptimist.ch\/wp-content\/uploads\/2015\/12\/NicoleHasler.jpg\" alt=\"NicoleHasler\" width=\"606\" height=\"452\" srcset=\"https:\/\/swiss-soroptimist.ch\/wp-content\/uploads\/2015\/12\/NicoleHasler-300x224.jpg 300w, https:\/\/swiss-soroptimist.ch\/wp-content\/uploads\/2015\/12\/NicoleHasler-500x373.jpg 500w, https:\/\/swiss-soroptimist.ch\/wp-content\/uploads\/2015\/12\/NicoleHasler.jpg 606w\" sizes=\"(max-width: 606px) 100vw, 606px\" \/><\/span><\/span><\/p>\n<\/div><div class=\"fusion-clearfix\"><\/div><\/div><\/div><div class=\"fusion-layout-column fusion_builder_column fusion-builder-column-4 fusion_builder_column_1_4 1_4 fusion-one-fourth fusion-column-last\" style=\"--awb-bg-size:cover;width:22%;\"><div class=\"fusion-column-wrapper fusion-flex-column-wrapper-legacy\"><div class=\"fusion-clearfix\"><\/div><\/div><\/div><div class=\"fusion-layout-column fusion_builder_column fusion-builder-column-5 fusion_builder_column_1_2 1_2 fusion-one-half fusion-column-first\" style=\"--awb-padding-top:5%;--awb-padding-right:5%;--awb-padding-bottom:5%;--awb-padding-left:5%;--awb-bg-size:cover;--awb-border-color:#ffffff;--awb-border-top:0px;--awb-border-right:0px;--awb-border-bottom:0px;--awb-border-left:0px;--awb-border-style:solid;width:48%; margin-right: 4%;\"><div class=\"fusion-column-wrapper fusion-flex-column-wrapper-legacy\"><div class=\"fusion-text fusion-text-3\"><h3>J&rsquo;ai r\u00e9alis\u00e9 le r\u00eave de ma vie!<\/h3>\n<p>Heldyn est une marque cr\u00e9\u00e9e en 2012 par Nicole Hasler et Kathrin D\u00e4niker. \u00c0 l&rsquo;occasion d&rsquo;une seconde formation, Nicole a appris le m\u00e9tier de cr\u00e9atrice de v\u00eatements \u00e0 Berne. A l&rsquo;\u00c9cole professionnelle textile de Zurich, elle a poursuivi sa formation et obtenu le titre de technicienne de coupe dipl\u00f4m\u00e9e.<\/p>\n<p>Au fil des ann\u00e9es, Nicole a pu parfaire son exp\u00e9rience professionnelle dans de grandes entreprises telles que Akris, Stromer et BMC Group. Aujourd&rsquo;hui, Intersport International b\u00e9n\u00e9ficie de la collaboration \u00e0 mi-temps de Nicole.<\/p>\n<p>La cr\u00e9ation de la soci\u00e9t\u00e9 Heldyn est l&rsquo;aboutissement d&rsquo;un r\u00eave. Nicole s&rsquo;y investit inlassablement, d\u00e9bordant d&rsquo;enthousiasme.<\/p>\n<p>Plus d&rsquo;infos : <a href=\"http:\/\/www.heldyn.ch\" target=\"_blank\">www.heldyn.ch<\/a><\/p>\n<\/div><div class=\"fusion-clearfix\"><\/div><\/div><\/div><div class=\"fusion-layout-column fusion_builder_column fusion-builder-column-6 fusion_builder_column_1_2 1_2 fusion-one-half fusion-column-last\" style=\"--awb-padding-top:5%;--awb-padding-right:5%;--awb-padding-bottom:5%;--awb-padding-left:5%;--awb-bg-size:cover;width:48%;\"><div class=\"fusion-column-wrapper fusion-flex-column-wrapper-legacy\"><div class=\"fusion-text fusion-text-4\"><h3>Allier le design \u00e0 la fonctionnalit\u00e9, c&rsquo;est mon d\u00e9fi quotidien!<\/h3>\n<p>Heldyn est la marque des basiques irrempla\u00e7ables, qu&rsquo;il faut absolument avoir dans sa garde-robe. La collection propose des vestes, des pantalons, des jupes et des robes. Les couleurs de base sont discr\u00e8tes. La collection est assortie d&rsquo;articles de saison et de cr\u00e9ations arborant des motifs et des couleurs styl\u00e9s. Les doublures sont propos\u00e9es en plusieurs coloris : ainsi, chaque article est unique et s&rsquo;adapte parfaitement \u00e0 la gamme de couleurs de votre garde-robe. Nous produisons sur commande. Livraison en 3 semaines environ.<\/p>\n<p>Heldyn mise sur la qualit\u00e9; nous travaillons presque exclusivement avec des tissus venus d&rsquo;Italie. Les v\u00eatements sont tous con\u00e7us, d\u00e9coup\u00e9s et cousus en Suisse.<\/p>\n<\/div><div class=\"fusion-clearfix\"><\/div><\/div><\/div><\/div><\/div><div class=\"fusion-fullwidth fullwidth-box fusion-builder-row-3 nonhundred-percent-fullwidth non-hundred-percent-height-scrolling\" style=\"--awb-background-position:left top;--awb-border-radius-top-left:0px;--awb-border-radius-top-right:0px;--awb-border-radius-bottom-right:0px;--awb-border-radius-bottom-left:0px;--awb-padding-top:20px;--awb-padding-bottom:20px;--awb-border-sizes-top:0px;--awb-border-sizes-bottom:0px;--awb-flex-wrap:wrap;\" ><div class=\"fusion-builder-row fusion-row\"><div class=\"fusion-layout-column fusion_builder_column fusion-builder-column-7 fusion_builder_column_1_1 1_1 fusion-one-full fusion-column-first fusion-column-last fusion-column-no-min-height\" style=\"--awb-bg-size:cover;--awb-margin-bottom:0px;\"><div class=\"fusion-column-wrapper fusion-flex-column-wrapper-legacy\"><div class=\"fusion-sep-clear\"><\/div><div class=\"fusion-separator fusion-full-width-sep\" style=\"margin-left: auto;margin-right: auto;margin-top:50px;width:100%;\"><\/div><div class=\"fusion-sep-clear\"><\/div><div class=\"fusion-clearfix\"><\/div><\/div><\/div><div class=\"fusion-layout-column fusion_builder_column fusion-builder-column-8 fusion_builder_column_1_3 1_3 fusion-one-third fusion-column-first\" style=\"--awb-bg-size:cover;width:30.6666%; margin-right: 4%;\"><div class=\"fusion-column-wrapper fusion-flex-column-wrapper-legacy\"><div class=\"fusion-image-element in-legacy-container\" style=\"--awb-caption-title-font-family:var(--h2_typography-font-family);--awb-caption-title-font-weight:var(--h2_typography-font-weight);--awb-caption-title-font-style:var(--h2_typography-font-style);--awb-caption-title-size:var(--h2_typography-font-size);--awb-caption-title-transform:var(--h2_typography-text-transform);--awb-caption-title-line-height:var(--h2_typography-line-height);--awb-caption-title-letter-spacing:var(--h2_typography-letter-spacing);\"><span class=\" fusion-imageframe imageframe-none imageframe-1 hover-type-none\"><img decoding=\"async\" width=\"337\" height=\"451\" title=\"Moulure3\" src=\"https:\/\/swiss-soroptimist.ch\/wp-content\/uploads\/2015\/12\/Moulure3.jpg\" alt class=\"img-responsive wp-image-7375\" srcset=\"https:\/\/swiss-soroptimist.ch\/wp-content\/uploads\/2015\/12\/Moulure3-224x300.jpg 224w, https:\/\/swiss-soroptimist.ch\/wp-content\/uploads\/2015\/12\/Moulure3.jpg 337w\" sizes=\"(max-width: 337px) 100vw, 337px\" \/><\/span><\/div><div class=\"fusion-clearfix\"><\/div><\/div><\/div><div class=\"fusion-layout-column fusion_builder_column fusion-builder-column-9 fusion_builder_column_1_3 1_3 fusion-one-third\" style=\"--awb-bg-size:cover;width:30.6666%; margin-right: 4%;\"><div class=\"fusion-column-wrapper fusion-flex-column-wrapper-legacy\"><div class=\"fusion-image-element in-legacy-container\" style=\"--awb-caption-title-font-family:var(--h2_typography-font-family);--awb-caption-title-font-weight:var(--h2_typography-font-weight);--awb-caption-title-font-style:var(--h2_typography-font-style);--awb-caption-title-size:var(--h2_typography-font-size);--awb-caption-title-transform:var(--h2_typography-text-transform);--awb-caption-title-line-height:var(--h2_typography-line-height);--awb-caption-title-letter-spacing:var(--h2_typography-letter-spacing);\"><span class=\" fusion-imageframe imageframe-none imageframe-2 hover-type-none\"><img decoding=\"async\" width=\"337\" height=\"451\" title=\"Moulure\" src=\"https:\/\/swiss-soroptimist.ch\/wp-content\/uploads\/2015\/12\/Moulure.jpg\" alt class=\"img-responsive wp-image-7374\" srcset=\"https:\/\/swiss-soroptimist.ch\/wp-content\/uploads\/2015\/12\/Moulure-224x300.jpg 224w, https:\/\/swiss-soroptimist.ch\/wp-content\/uploads\/2015\/12\/Moulure.jpg 337w\" sizes=\"(max-width: 337px) 100vw, 337px\" \/><\/span><\/div><div class=\"fusion-clearfix\"><\/div><\/div><\/div><div class=\"fusion-layout-column fusion_builder_column fusion-builder-column-10 fusion_builder_column_1_3 1_3 fusion-one-third fusion-column-last\" style=\"--awb-bg-size:cover;width:30.6666%;\"><div class=\"fusion-column-wrapper fusion-flex-column-wrapper-legacy\"><div class=\"fusion-image-element in-legacy-container\" style=\"--awb-caption-title-font-family:var(--h2_typography-font-family);--awb-caption-title-font-weight:var(--h2_typography-font-weight);--awb-caption-title-font-style:var(--h2_typography-font-style);--awb-caption-title-size:var(--h2_typography-font-size);--awb-caption-title-transform:var(--h2_typography-text-transform);--awb-caption-title-line-height:var(--h2_typography-line-height);--awb-caption-title-letter-spacing:var(--h2_typography-letter-spacing);\"><span class=\" fusion-imageframe imageframe-none imageframe-3 hover-type-none\"><img decoding=\"async\" width=\"337\" height=\"451\" title=\"Moulure4\" src=\"https:\/\/swiss-soroptimist.ch\/wp-content\/uploads\/2015\/12\/Moulure4.jpg\" alt class=\"img-responsive wp-image-7376\" srcset=\"https:\/\/swiss-soroptimist.ch\/wp-content\/uploads\/2015\/12\/Moulure4-224x300.jpg 224w, https:\/\/swiss-soroptimist.ch\/wp-content\/uploads\/2015\/12\/Moulure4.jpg 337w\" sizes=\"(max-width: 337px) 100vw, 337px\" \/><\/span><\/div><div class=\"fusion-clearfix\"><\/div><\/div><\/div><div class=\"fusion-layout-column fusion_builder_column fusion-builder-column-11 fusion_builder_column_1_1 1_1 fusion-one-full fusion-column-first fusion-column-last fusion-column-no-min-height\" style=\"--awb-bg-size:cover;--awb-margin-bottom:0px;\"><div class=\"fusion-column-wrapper fusion-flex-column-wrapper-legacy\"><div class=\"fusion-sep-clear\"><\/div><div class=\"fusion-separator fusion-full-width-sep\" style=\"margin-left: auto;margin-right: auto;margin-top:50px;width:100%;\"><\/div><div class=\"fusion-sep-clear\"><\/div><div class=\"fusion-text fusion-text-5\"><p>Le SI Suisse a pos\u00e9 4 questions \u00e0 Nicole Hasler :<\/p>\n<\/div><div class=\"fusion-clearfix\"><\/div><\/div><\/div><div class=\"fusion-layout-column fusion_builder_column fusion-builder-column-12 fusion_builder_column_1_2 1_2 fusion-one-half fusion-column-first\" style=\"--awb-bg-size:cover;width:48%; margin-right: 4%;\"><div class=\"fusion-column-wrapper fusion-flex-column-wrapper-legacy\"><div class=\"fusion-text fusion-text-6\"><h4>Comment int\u00e8gres-tu les tendances de la mode dans ta collection?<\/h4>\n<p>Je trouve mon inspiration dans les lieux publics, comme les caf\u00e9s, les rues, les places et les a\u00e9roports, en regardant les gens et leurs tenues. Mes autres sources d&rsquo;inspiration sont les films, les revues, les boutiques, les villes et les cultures \u00e9trang\u00e8res.<\/p>\n<h4>A quoi consacres-tu tes loisirs?<\/h4>\n<p>Dessiner, cr\u00e9er, coudre n&rsquo;est pas seulement mon m\u00e9tier, c&rsquo;est aussi mon hobby. Ma deuxi\u00e8me passion, c&rsquo;est cuisiner : j&rsquo;aime essayer les nouveaut\u00e9s, et j&rsquo;adore cuisiner pour mes amis et les g\u00e2ter. En cuisine, je veille \u00e0 la qualit\u00e9 et \u00e0 l&rsquo;origine des produits autant que pour mes tissus. Bricoler dans mon petit jardin m&rsquo;aide \u00e0 trouver la d\u00e9tente et l&rsquo;\u00e9quilibre. Ce que j&rsquo;aime tout particuli\u00e8rement, c&rsquo;est voyager, d\u00e9couvrir de nouvelles villes ou rejoindre ma destination pr\u00e9f\u00e9r\u00e9e : la Gr\u00e8ce.<\/p>\n<\/div><div class=\"fusion-sep-clear\"><\/div><div class=\"fusion-separator fusion-full-width-sep\" style=\"margin-left: auto;margin-right: auto;margin-top:50px;width:100%;\"><\/div><div class=\"fusion-sep-clear\"><\/div><div class=\"fusion-clearfix\"><\/div><\/div><\/div><div class=\"fusion-layout-column fusion_builder_column fusion-builder-column-13 fusion_builder_column_1_2 1_2 fusion-one-half fusion-column-last\" style=\"--awb-bg-size:cover;width:48%;\"><div class=\"fusion-column-wrapper fusion-flex-column-wrapper-legacy\"><div class=\"fusion-text fusion-text-7\"><h4>Tu te rends souvent aux salons de mode internationaux ?<\/h4>\n<p>Je le faisais autrefois, surtout pour mon travail. Aujourd&rsquo;hui, cela m\u00a0\u00bbarrive rarement. Je suis beaucoup plus int\u00e9ress\u00e9e par le quotidien et la mani\u00e8re dont les gens le vivent. Cela fait surgir des images dans ma t\u00eate, qui deviennent des cr\u00e9ations.<\/p>\n<h4>Pourquoi es-tu Soroptimiste?<\/h4>\n<ul>\n<li>Les droits de l&rsquo;homme et la position de la femme dans la soci\u00e9t\u00e9 me tiennent tr\u00e8s \u00e0 coeur.<\/li>\n<li>J&rsquo;adore rencontrer de nouvelles personnes.<\/li>\n<li>Un r\u00e9seau de femmes issues de tous les milieux et m\u00e9tiers, je trouve cela passionnant.<\/li>\n<\/ul>\n<\/div><div class=\"fusion-sep-clear\"><\/div><div class=\"fusion-separator fusion-full-width-sep\" style=\"margin-left: auto;margin-right: auto;margin-top:50px;width:100%;\"><\/div><div class=\"fusion-sep-clear\"><\/div><div class=\"fusion-clearfix\"><\/div><\/div><\/div><div class=\"fusion-layout-column fusion_builder_column fusion-builder-column-14 fusion_builder_column_1_1 1_1 fusion-one-full fusion-column-first fusion-column-last\" style=\"--awb-bg-size:cover;\"><div class=\"fusion-column-wrapper fusion-flex-column-wrapper-legacy\"><div class=\"fusion-image-carousel fusion-image-carousel-auto fusion-image-carousel-1 lightbox-enabled fusion-carousel-border\"><div class=\"awb-carousel awb-swiper awb-swiper-carousel awb-carousel--carousel awb-swiper-dots-position-bottom\" data-layout=\"carousel\" data-autoplay=\"yes\" data-autoplayspeed=\"5500\" data-autoplaypause=\"no\" data-columns=\"2\" data-columnsmedium=\"1\" data-columnssmall=\"1\" data-itemmargin=\"13\" data-itemwidth=\"180\" data-touchscroll=\"no\" data-freemode=\"no\" data-imagesize=\"auto\" data-scrollitems=\"0\" data-centeredslides=\"no\" data-rotationangle=\"50\" data-depth=\"100\" data-speed=\"500\" data-shadow=\"no\" data-pagination=\"bullets\" style=\"--awb-columns:2;--awb-border-width:1px;--awb-border-color:#e9eaee;\"><div class=\"swiper-wrapper awb-image-carousel-wrapper fusion-flex-align-items-center\"><div class=\"swiper-slide\"><div class=\"fusion-carousel-item-wrapper\"><div class=\"fusion-image-wrapper hover-type-none\"><a data-rel=\"iLightbox[image_carousel_1]\" data-title=\"2\" aria-label=\"2\" href=\"https:\/\/swiss-soroptimist.ch\/wp-content\/uploads\/2015\/12\/2.jpg\" target=\"_self\"><img decoding=\"async\" width=\"800\" height=\"533\" src=\"https:\/\/swiss-soroptimist.ch\/wp-content\/uploads\/2015\/12\/2.jpg\" class=\"attachment-full size-full\" alt=\"\" \/><\/a><\/div><\/div><\/div><div class=\"swiper-slide\"><div class=\"fusion-carousel-item-wrapper\"><div class=\"fusion-image-wrapper hover-type-none\"><a data-rel=\"iLightbox[image_carousel_1]\" data-title=\"1\" aria-label=\"1\" href=\"https:\/\/swiss-soroptimist.ch\/wp-content\/uploads\/2015\/12\/1.jpg\" target=\"_self\"><img decoding=\"async\" width=\"800\" height=\"533\" src=\"https:\/\/swiss-soroptimist.ch\/wp-content\/uploads\/2015\/12\/1.jpg\" class=\"attachment-full size-full\" alt=\"\" \/><\/a><\/div><\/div><\/div><div class=\"swiper-slide\"><div class=\"fusion-carousel-item-wrapper\"><div class=\"fusion-image-wrapper hover-type-none\"><a data-rel=\"iLightbox[image_carousel_1]\" data-title=\"5\" aria-label=\"5\" href=\"https:\/\/swiss-soroptimist.ch\/wp-content\/uploads\/2015\/12\/5.jpg\" target=\"_self\"><img decoding=\"async\" width=\"800\" height=\"533\" src=\"https:\/\/swiss-soroptimist.ch\/wp-content\/uploads\/2015\/12\/5.jpg\" class=\"attachment-full size-full\" alt=\"\" \/><\/a><\/div><\/div><\/div><div class=\"swiper-slide\"><div class=\"fusion-carousel-item-wrapper\"><div class=\"fusion-image-wrapper hover-type-none\"><a data-rel=\"iLightbox[image_carousel_1]\" data-title=\"4\" aria-label=\"4\" href=\"https:\/\/swiss-soroptimist.ch\/wp-content\/uploads\/2015\/12\/4.jpg\" target=\"_self\"><img decoding=\"async\" width=\"800\" height=\"533\" src=\"https:\/\/swiss-soroptimist.ch\/wp-content\/uploads\/2015\/12\/4.jpg\" class=\"attachment-full size-full\" alt=\"\" \/><\/a><\/div><\/div><\/div><\/div><div class=\"awb-swiper-button awb-swiper-button-prev\"><i class=\"awb-icon-angle-left\" aria-hidden=\"true\"><\/i><\/div><div class=\"awb-swiper-button awb-swiper-button-next\"><i class=\"awb-icon-angle-right\" aria-hidden=\"true\"><\/i><\/div><\/div><\/div><div class=\"fusion-clearfix\"><\/div><\/div><\/div><\/div><\/div><div class=\"fusion-fullwidth fullwidth-box fusion-builder-row-4 nonhundred-percent-fullwidth non-hundred-percent-height-scrolling\" style=\"--awb-background-position:left top;--awb-border-radius-top-left:0px;--awb-border-radius-top-right:0px;--awb-border-radius-bottom-right:0px;--awb-border-radius-bottom-left:0px;--awb-padding-top:20px;--awb-padding-bottom:20px;--awb-background-color:#efefef;--awb-border-sizes-top:0px;--awb-border-sizes-bottom:0px;--awb-flex-wrap:wrap;\" ><div class=\"fusion-builder-row fusion-row\"><div class=\"fusion-layout-column fusion_builder_column fusion-builder-column-15 fusion_builder_column_1_1 1_1 fusion-one-full fusion-column-first fusion-column-last fusion-column-no-min-height\" style=\"--awb-bg-size:cover;--awb-margin-bottom:0px;\"><div class=\"fusion-column-wrapper fusion-flex-column-wrapper-legacy\"><div class=\"fusion-sep-clear\"><\/div><div class=\"fusion-separator fusion-full-width-sep\" style=\"margin-left: auto;margin-right: auto;margin-top:50px;width:100%;\"><\/div><div class=\"fusion-sep-clear\"><\/div><div class=\"fusion-clearfix\"><\/div><\/div><\/div><div class=\"fusion-layout-column fusion_builder_column fusion-builder-column-16 fusion_builder_column_1_1 1_1 fusion-one-full fusion-column-first fusion-column-last\" style=\"--awb-padding-top:10%;--awb-padding-right:10%;--awb-padding-bottom:10%;--awb-padding-left:10%;--awb-bg-color:#ffffff;--awb-bg-color-hover:#ffffff;--awb-bg-size:cover;\"><div class=\"fusion-column-wrapper fusion-flex-column-wrapper-legacy\"><div class=\"fusion-text fusion-text-8\"><p style=\"text-align: center;\">PORTRAITS<\/p>\n<h4 style=\"text-align: center;\"><strong>De temps en temps, nous pr\u00e9sentons des Soroptimistes suisses qui nous impressionnent, nous touchent ou nous inspirent.<br \/>\n<\/strong><\/h4>\n<p style=\"text-align: center;\">Soroptimist International Suisse<\/p>\n<\/div><div class=\"fusion-clearfix\"><\/div><\/div><\/div><div class=\"fusion-layout-column fusion_builder_column fusion-builder-column-17 fusion_builder_column_1_1 1_1 fusion-one-full fusion-column-first fusion-column-last fusion-column-no-min-height\" style=\"--awb-bg-size:cover;--awb-margin-bottom:0px;\"><div class=\"fusion-column-wrapper fusion-flex-column-wrapper-legacy\"><div class=\"fusion-sep-clear\"><\/div><div class=\"fusion-separator fusion-full-width-sep\" style=\"margin-left: auto;margin-right: auto;margin-top:50px;width:100%;\"><\/div><div class=\"fusion-sep-clear\"><\/div><div class=\"fusion-clearfix\"><\/div><\/div><\/div><\/div><\/div><\/p>\n","protected":false},"excerpt":{"rendered":"","protected":false},"author":2,"featured_media":0,"parent":0,"menu_order":0,"comment_status":"closed","ping_status":"closed","template":"100-width.php","meta":{"footnotes":""},"class_list":["post-615","page","type-page","status-publish","hentry"],"_links":{"self":[{"href":"https:\/\/swiss-soroptimist.ch\/fr\/wp-json\/wp\/v2\/pages\/615","targetHints":{"allow":["GET"]}}],"collection":[{"href":"https:\/\/swiss-soroptimist.ch\/fr\/wp-json\/wp\/v2\/pages"}],"about":[{"href":"https:\/\/swiss-soroptimist.ch\/fr\/wp-json\/wp\/v2\/types\/page"}],"author":[{"embeddable":true,"href":"https:\/\/swiss-soroptimist.ch\/fr\/wp-json\/wp\/v2\/users\/2"}],"replies":[{"embeddable":true,"href":"https:\/\/swiss-soroptimist.ch\/fr\/wp-json\/wp\/v2\/comments?post=615"}],"version-history":[{"count":7,"href":"https:\/\/swiss-soroptimist.ch\/fr\/wp-json\/wp\/v2\/pages\/615\/revisions"}],"predecessor-version":[{"id":4455,"href":"https:\/\/swiss-soroptimist.ch\/fr\/wp-json\/wp\/v2\/pages\/615\/revisions\/4455"}],"wp:attachment":[{"href":"https:\/\/swiss-soroptimist.ch\/fr\/wp-json\/wp\/v2\/media?parent=615"}],"curies":[{"name":"wp","href":"https:\/\/api.w.org\/{rel}","templated":true}]}}