{"id":5577,"date":"2018-05-06T17:59:17","date_gmt":"2018-05-06T15:59:17","guid":{"rendered":"https:\/\/swiss-soroptimist.ch\/mentoring\/"},"modified":"2026-02-13T14:39:32","modified_gmt":"2026-02-13T13:39:32","slug":"bourses-detudes-et-mentorat","status":"publish","type":"page","link":"https:\/\/swiss-soroptimist.ch\/fr\/bourses-detudes-et-mentorat\/","title":{"rendered":"Bourses d&rsquo;\u00e9tudes et Mentorat"},"content":{"rendered":"<p><div class=\"fusion-fullwidth fullwidth-box fusion-builder-row-1 nonhundred-percent-fullwidth non-hundred-percent-height-scrolling\" style=\"--awb-background-position:left top;--awb-border-sizes-top:0px;--awb-border-sizes-bottom:0px;--awb-border-sizes-left:0px;--awb-border-sizes-right:0px;--awb-border-radius-top-left:0px;--awb-border-radius-top-right:0px;--awb-border-radius-bottom-right:0px;--awb-border-radius-bottom-left:0px;--awb-padding-top:20px;--awb-padding-bottom:20px;--awb-background-color:#f4f4f4;--awb-flex-wrap:wrap;\" ><div class=\"fusion-builder-row fusion-row\"><div class=\"fusion-layout-column fusion_builder_column fusion-builder-column-0 fusion_builder_column_1_1 1_1 fusion-one-full fusion-column-first fusion-column-last fusion-column-no-min-height\" style=\"--awb-bg-size:cover;--awb-margin-bottom:0px;\"><div class=\"fusion-column-wrapper fusion-flex-column-wrapper-legacy\"><div class=\"fusion-sep-clear\"><\/div><div class=\"fusion-separator fusion-full-width-sep\" style=\"margin-left: auto;margin-right: auto;margin-top:50px;width:100%;\"><\/div><div class=\"fusion-sep-clear\"><\/div><div class=\"fusion-clearfix\"><\/div><\/div><\/div><div class=\"fusion-layout-column fusion_builder_column fusion-builder-column-1 fusion_builder_column_1_3 1_3 fusion-one-third fusion-column-first\" style=\"--awb-bg-size:cover;width:30.6666%; margin-right: 4%;\"><div class=\"fusion-column-wrapper fusion-flex-column-wrapper-legacy\"><div class=\"fusion-image-element in-legacy-container\" style=\"--awb-caption-title-font-family:var(--h2_typography-font-family);--awb-caption-title-font-weight:var(--h2_typography-font-weight);--awb-caption-title-font-style:var(--h2_typography-font-style);--awb-caption-title-size:var(--h2_typography-font-size);--awb-caption-title-transform:var(--h2_typography-text-transform);--awb-caption-title-line-height:var(--h2_typography-line-height);--awb-caption-title-letter-spacing:var(--h2_typography-letter-spacing);\"><span class=\" fusion-imageframe imageframe-none imageframe-1 hover-type-none\"><img decoding=\"async\" title=\"Mentoring-Soroptimist-Switzerland\" src=\"https:\/\/swiss-soroptimist.ch\/wp-content\/uploads\/2025\/06\/Mentoring-Soroptimist-Switzerland.png\" alt class=\"img-responsive wp-image-23301\"\/><\/span><\/div><div class=\"fusion-clearfix\"><\/div><\/div><\/div><div class=\"fusion-layout-column fusion_builder_column fusion-builder-column-2 fusion_builder_column_2_3 2_3 fusion-two-third fusion-column-last\" style=\"--awb-bg-size:cover;width:65.3333%;\"><div class=\"fusion-column-wrapper fusion-flex-column-wrapper-legacy\"><div class=\"fusion-text fusion-text-1\"><h2><strong>LE MENTORAT<\/strong><\/h2>\n<p>Les Soroptimistes, des femmes professionnelles engag\u00e9es dans la soci\u00e9t\u00e9, repr\u00e9sentent un vivier de mentores. Leurs savoirs, leurs comp\u00e9tences et les valeurs qu\u2019elles cultivent les pr\u00e9destinent \u00e0 assurer cette t\u00e2che.<\/p>\n<\/div><div class=\"fusion-sep-clear\"><\/div><div class=\"fusion-separator fusion-full-width-sep\" style=\"margin-left: auto;margin-right: auto;margin-top:10px;width:100%;\"><\/div><div class=\"fusion-sep-clear\"><\/div><div class=\"fusion-text fusion-text-2\"><h3>Fort dans la collaboration. Des \u00e9changes fructueux.<\/h3>\n<\/div><ul style=\"--awb-size:30px;--awb-iconcolor:#7473fd;--awb-line-height:51px;--awb-icon-width:51px;--awb-icon-height:51px;--awb-icon-margin:21px;--awb-content-margin:72px;\" class=\"fusion-checklist fusion-checklist-1 fusion-checklist-default type-icons\"><li class=\"fusion-li-item\" style=\"\"><span class=\"icon-wrapper circle-no\"><i class=\"fusion-li-icon fa-edit fas\" aria-hidden=\"true\"><\/i><\/span><div class=\"fusion-li-item-content\">\n<h3><a href=\"https:\/\/docs.google.com\/forms\/d\/e\/1FAIpQLSefiR03uXsjtAzz651g4QVevD0OalGD32hNyvmkPqzFVMx-oQ\/viewform\" target=\"_blank\" rel=\"noopener\"><span style=\"color: #7473fd;\">ONLINE Formulaire d&rsquo;inscription MENTEE<\/span><\/a><\/h3>\n<\/div><\/li><\/ul><div class=\"fusion-clearfix\"><\/div><\/div><\/div><div class=\"fusion-layout-column fusion_builder_column fusion-builder-column-3 fusion_builder_column_1_3 1_3 fusion-one-third fusion-column-first\" style=\"--awb-bg-size:cover;width:30.6666%; margin-right: 4%;\"><div class=\"fusion-column-wrapper fusion-flex-column-wrapper-legacy\"><div class=\"fusion-text fusion-text-3\"><h3><span style=\"color: #7473fd;\"><strong>Qu\u2019est-ce que le mentorat ?<\/strong><\/span><\/h3>\n<p>Le mentorat est un accompagnement, une relation de soutien entre une personne exp\u00e9riment\u00e9e (une mentore) et une personne en demande de soutien dans son \u00e9volution professionnelle (une mentor\u00e9e). Le cadre du travail commun ainsi que les buts sont\u00a0 d\u00e9finis au d\u00e9part, puis la mentore et la mentor\u00e9e (toutes deux majeures) entretiennent des \u00e9changes r\u00e9guliers. Le soutien apport\u00e9 par la mentore est b\u00e9n\u00e9vole et gratuit.<\/p>\n<\/div><div class=\"fusion-clearfix\"><\/div><\/div><\/div><div class=\"fusion-layout-column fusion_builder_column fusion-builder-column-4 fusion_builder_column_2_3 2_3 fusion-two-third fusion-column-last\" style=\"--awb-bg-size:cover;width:65.3333%;\"><div class=\"fusion-column-wrapper fusion-flex-column-wrapper-legacy\"><div class=\"fusion-text fusion-text-4\"><h3><span style=\"color: #7473fd;\"><strong>Les buts du mentorat<\/strong><\/span><\/h3>\n<ul>\n<li>Promouvoir l\u2019autonomie d\u2019une mentor\u00e9e sur la voie de son avenir professionnel<\/li>\n<li>Soutenir la mentor\u00e9e dans la planification de sa carri\u00e8re et\/ou dans d&rsquo;autres d\u00e9fis professionnels et personnels.<\/li>\n<\/ul>\n<p><a href=\"https:\/\/swiss-soroptimist.ch\/wp-content\/uploads\/2022\/11\/02_Formulaire-dinscription-Mentore-.docx\">Formulaire d&rsquo;inscription &#8211; Mentore<\/a><\/p>\n<p>Contact pour toutes questions :<br \/>\n<a href=\"mailto:mentorat@swiss-soroptimist.ch\">mentorat@swiss-soroptimist.ch<\/a><\/p>\n<\/div><div class=\"fusion-clearfix\"><\/div><\/div><\/div><\/div><\/div><div class=\"fusion-fullwidth fullwidth-box fusion-builder-row-2 fusion-parallax-fixed nonhundred-percent-fullwidth non-hundred-percent-height-scrolling\" style=\"--awb-background-position:center top;--awb-border-sizes-top:0px;--awb-border-sizes-bottom:0px;--awb-border-sizes-left:0px;--awb-border-sizes-right:0px;--awb-border-radius-top-left:0px;--awb-border-radius-top-right:0px;--awb-border-radius-bottom-right:0px;--awb-border-radius-bottom-left:0px;--awb-padding-top:20px;--awb-padding-bottom:20px;--awb-background-image:url(&quot;https:\/\/swiss-soroptimist.ch\/wp-content\/uploads\/2015\/12\/Wolken-slide-4.jpg&quot;);--awb-background-size:cover;--awb-flex-wrap:wrap;background-attachment:fixed;\" ><div class=\"fusion-builder-row fusion-row\"><div class=\"fusion-layout-column fusion_builder_column fusion-builder-column-5 fusion_builder_column_1_1 1_1 fusion-one-full fusion-column-first fusion-column-last\" style=\"--awb-bg-size:cover;\"><div class=\"fusion-column-wrapper fusion-flex-column-wrapper-legacy\"><div class=\"fusion-sep-clear\"><\/div><div class=\"fusion-separator fusion-full-width-sep\" style=\"margin-left: auto;margin-right: auto;margin-top:80px;width:100%;\"><div class=\"fusion-separator-border sep-double\" style=\"--awb-height:20px;--awb-amount:20px;border-color:#e0dede;border-top-width:0px;border-bottom-width:0px;\"><\/div><\/div><div class=\"fusion-sep-clear\"><\/div><div class=\"fusion-clearfix\"><\/div><\/div><\/div><div class=\"fusion-layout-column fusion_builder_column fusion-builder-column-6 fusion_builder_column_2_3 2_3 fusion-two-third fusion-column-first\" style=\"--awb-bg-size:cover;width:65.3333%; margin-right: 4%;\"><div class=\"fusion-column-wrapper fusion-flex-column-wrapper-legacy\"><div class=\"fusion-text fusion-text-5\"><h3><strong>BOURSES D&rsquo;\u00c9TUDES POUR LES FEMMES<\/strong><\/h3>\n<div class=\"entry-content contentbox\">\n<div class=\"entry-content contentbox\">\n<p>L\u2019Union Suisse du Soroptimist International d\u00e9cerne des bourses d\u2019\u00e9tudes dans le but d\u2019offrir \u00e0 des femmes qualifi\u00e9es, d\u2019au moins 25 ans, la possibilit\u00e9 de poursuivre des \u00e9tudes ou d\u2019effectuer un stage, en Suisse ou \u00e0 l\u2019\u00e9tranger, en vue d\u2019un perfectionnement professionnel.<\/p>\n<p>La candidate pr\u00e9sente sa demande au Club soroptimiste r\u00e9gional le plus proche. Si la demande est accept\u00e9e, le Club la transmettra \u00e0 la Commission des Bourses de l\u2019Union Suisse.<\/p>\n<\/div>\n<\/div>\n<\/div><div class=\"fusion-clearfix\"><\/div><\/div><\/div><div class=\"fusion-layout-column fusion_builder_column fusion-builder-column-7 fusion_builder_column_1_3 1_3 fusion-one-third fusion-column-last\" style=\"--awb-bg-size:cover;width:30.6666%;\"><div class=\"fusion-column-wrapper fusion-flex-column-wrapper-legacy\"><div class=\"fusion-image-element in-legacy-container\" style=\"--awb-caption-title-font-family:var(--h2_typography-font-family);--awb-caption-title-font-weight:var(--h2_typography-font-weight);--awb-caption-title-font-style:var(--h2_typography-font-style);--awb-caption-title-size:var(--h2_typography-font-size);--awb-caption-title-transform:var(--h2_typography-text-transform);--awb-caption-title-line-height:var(--h2_typography-line-height);--awb-caption-title-letter-spacing:var(--h2_typography-letter-spacing);\"><span class=\" fusion-imageframe imageframe-none imageframe-2 hover-type-none\"><img decoding=\"async\" width=\"1200\" height=\"1200\" title=\"Stipendien-Soroptimist\" src=\"https:\/\/swiss-soroptimist.ch\/wp-content\/uploads\/2023\/03\/Stipendien-Soroptimist.png\" alt class=\"img-responsive wp-image-18352\" srcset=\"https:\/\/swiss-soroptimist.ch\/wp-content\/uploads\/2023\/03\/Stipendien-Soroptimist-200x200.png 200w, https:\/\/swiss-soroptimist.ch\/wp-content\/uploads\/2023\/03\/Stipendien-Soroptimist-400x400.png 400w, https:\/\/swiss-soroptimist.ch\/wp-content\/uploads\/2023\/03\/Stipendien-Soroptimist-600x600.png 600w, https:\/\/swiss-soroptimist.ch\/wp-content\/uploads\/2023\/03\/Stipendien-Soroptimist-800x800.png 800w, https:\/\/swiss-soroptimist.ch\/wp-content\/uploads\/2023\/03\/Stipendien-Soroptimist.png 1200w\" sizes=\"(max-width: 800px) 100vw, 400px\" \/><\/span><\/div><div class=\"fusion-clearfix\"><\/div><\/div><\/div><\/div><\/div><\/p>\n","protected":false},"excerpt":{"rendered":"","protected":false},"author":2,"featured_media":0,"parent":0,"menu_order":0,"comment_status":"closed","ping_status":"closed","template":"100-width.php","meta":{"footnotes":""},"class_list":["post-5577","page","type-page","status-publish","hentry"],"_links":{"self":[{"href":"https:\/\/swiss-soroptimist.ch\/fr\/wp-json\/wp\/v2\/pages\/5577","targetHints":{"allow":["GET"]}}],"collection":[{"href":"https:\/\/swiss-soroptimist.ch\/fr\/wp-json\/wp\/v2\/pages"}],"about":[{"href":"https:\/\/swiss-soroptimist.ch\/fr\/wp-json\/wp\/v2\/types\/page"}],"author":[{"embeddable":true,"href":"https:\/\/swiss-soroptimist.ch\/fr\/wp-json\/wp\/v2\/users\/2"}],"replies":[{"embeddable":true,"href":"https:\/\/swiss-soroptimist.ch\/fr\/wp-json\/wp\/v2\/comments?post=5577"}],"version-history":[{"count":31,"href":"https:\/\/swiss-soroptimist.ch\/fr\/wp-json\/wp\/v2\/pages\/5577\/revisions"}],"predecessor-version":[{"id":24556,"href":"https:\/\/swiss-soroptimist.ch\/fr\/wp-json\/wp\/v2\/pages\/5577\/revisions\/24556"}],"wp:attachment":[{"href":"https:\/\/swiss-soroptimist.ch\/fr\/wp-json\/wp\/v2\/media?parent=5577"}],"curies":[{"name":"wp","href":"https:\/\/api.w.org\/{rel}","templated":true}]}}