{"id":14920,"date":"2022-05-02T14:34:10","date_gmt":"2022-05-02T12:34:10","guid":{"rendered":"https:\/\/swiss-soroptimist.ch\/?page_id=14920"},"modified":"2025-01-07T15:38:51","modified_gmt":"2025-01-07T14:38:51","slug":"blog-solidarite-ukraine","status":"publish","type":"page","link":"https:\/\/swiss-soroptimist.ch\/fr\/blog-solidarite-ukraine\/","title":{"rendered":"BLOG SOLIDARIT\u00c9 UKRAINE"},"content":{"rendered":"<p><div class=\"fusion-fullwidth fullwidth-box fusion-builder-row-1 fusion-flex-container fusion-parallax-none hundred-percent-fullwidth non-hundred-percent-height-scrolling\" style=\"--awb-border-radius-top-left:0px;--awb-border-radius-top-right:0px;--awb-border-radius-bottom-right:0px;--awb-border-radius-bottom-left:0px;--awb-background-image:url(&quot;https:\/\/swiss-soroptimist.ch\/wp-content\/uploads\/2022\/05\/Ukraine-Blog-Vorlage-1024x228.jpg&quot;);--awb-background-size:cover;--awb-flex-wrap:wrap;\" ><div class=\"fusion-builder-row fusion-row fusion-flex-align-items-flex-start fusion-flex-justify-content-flex-end fusion-flex-content-wrap\" style=\"width:104% !important;max-width:104% !important;margin-left: calc(-4% \/ 2 );margin-right: calc(-4% \/ 2 );\"><div class=\"fusion-layout-column fusion_builder_column fusion-builder-column-0 fusion_builder_column_1_1 1_1 fusion-flex-column fusion-flex-align-self-stretch\" style=\"--awb-bg-position:right top;--awb-bg-size:cover;--awb-width-large:100%;--awb-margin-top-large:0px;--awb-spacing-right-large:0PX;--awb-margin-bottom-large:20px;--awb-spacing-left-large:0PX;--awb-width-medium:100%;--awb-order-medium:0;--awb-spacing-right-medium:1.92%;--awb-spacing-left-medium:1.92%;--awb-width-small:auto;--awb-order-small:0;--awb-spacing-right-small:0PX;--awb-spacing-left-small:0PX;\"><div class=\"fusion-column-wrapper fusion-column-has-shadow fusion-flex-justify-content-flex-start fusion-content-layout-column\"><div class=\"fusion-separator fusion-full-width-sep\" style=\"align-self: center;margin-left: auto;margin-right: auto;margin-top:150PX;width:100%;\"><\/div><div class=\"fusion-text fusion-text-1\"><h2 style=\"text-align: center;\"><span style=\"color: #33cccc;\"><strong><span style=\"color: #ff0000;\">NOUVELLES DE L&rsquo;UKRAINE<\/span><br \/>\n<\/strong><\/span><\/h2>\n<\/div><div class=\"fusion-separator fusion-full-width-sep\" style=\"align-self: center;margin-left: auto;margin-right: auto;margin-top:150PX;width:100%;\"><\/div><\/div><\/div><\/div><\/div><div class=\"fusion-fullwidth fullwidth-box fusion-builder-row-2 fusion-flex-container nonhundred-percent-fullwidth non-hundred-percent-height-scrolling\" style=\"--awb-border-radius-top-left:0px;--awb-border-radius-top-right:0px;--awb-border-radius-bottom-right:0px;--awb-border-radius-bottom-left:0px;--awb-flex-wrap:wrap;\" ><div class=\"fusion-builder-row fusion-row fusion-flex-align-items-flex-start fusion-flex-content-wrap\" style=\"max-width:1144px;margin-left: calc(-4% \/ 2 );margin-right: calc(-4% \/ 2 );\"><div class=\"fusion-layout-column fusion_builder_column fusion-builder-column-1 fusion_builder_column_1_1 1_1 fusion-flex-column\" style=\"--awb-bg-size:cover;--awb-width-large:100%;--awb-margin-top-large:0px;--awb-spacing-right-large:1.92%;--awb-margin-bottom-large:20px;--awb-spacing-left-large:1.92%;--awb-width-medium:100%;--awb-order-medium:0;--awb-spacing-right-medium:1.92%;--awb-spacing-left-medium:1.92%;--awb-width-small:100%;--awb-order-small:0;--awb-spacing-right-small:1.92%;--awb-spacing-left-small:1.92%;\"><div class=\"fusion-column-wrapper fusion-column-has-shadow fusion-flex-justify-content-flex-start fusion-content-layout-column\"><div class=\"fusion-separator fusion-full-width-sep\" style=\"align-self: center;margin-left: auto;margin-right: auto;margin-top:80PX;width:100%;\"><\/div><div class=\"fusion-blog-shortcode fusion-blog-shortcode-1 fusion-blog-archive fusion-blog-layout-medium fusion-blog-infinite\"><div class=\"fusion-posts-container fusion-posts-container-infinite fusion-posts-container-load-more fusion-no-meta-info\" data-pages=\"9\"><article id=\"blog-1-post-24797\" class=\"fusion-post-medium post-24797 post type-post status-publish format-standard has-post-thumbnail hentry category-blog-ukraine-fr category-blog-ukraine-f\">\n\t<style type=\"text\/css\">\n\t\t\n\t\t\n\t\t\n\t\t\n\t\t\t<\/style>\n\n\n\t\t\t<div class=\"fusion-flexslider flexslider fusion-flexslider-loading fusion-post-slideshow\" style=\"\">\n\t\t<ul class=\"slides\">\n\t\t\t\n\t\t\t\t\t\t\t\t\t\t\t\t\t\t<li><div  class=\"fusion-image-wrapper fusion-image-size-fixed\" aria-haspopup=\"true\">\n\t\t\t\t\t\t\t<a href=\"https:\/\/swiss-soroptimist.ch\/fr\/nouvelles-dukraine-mars-2026\/\" aria-label=\"Nouvelles d&rsquo;Ukraine | mars 2026\">\n\t\t\t\t\t\t\t<img decoding=\"async\" width=\"320\" height=\"202\" src=\"https:\/\/swiss-soroptimist.ch\/wp-content\/uploads\/2026\/04\/Ukr-xmas25-320x202.jpg\" class=\"attachment-blog-medium size-blog-medium wp-post-image\" alt=\"\" srcset=\"https:\/\/swiss-soroptimist.ch\/wp-content\/uploads\/2026\/04\/Ukr-xmas25-320x202.jpg 320w, https:\/\/swiss-soroptimist.ch\/wp-content\/uploads\/2026\/04\/Ukr-xmas25-700x441.jpg 700w\" sizes=\"(max-width: 320px) 100vw, 320px\" \/>\t\t\t<\/a>\n\t\t\t\t\t\t\t<\/div>\n<\/li>\n\t\t\t\n\t\t\t\n\t\t\t\t\t\t\t\t\t\t\t\t\t\t\t\t\t\t\t\t\t\t\t\t\t\t\t\t\t\t\t\t\t\t\t\t\t\t\t\t\t\t\t\t\t\t\t\t\t\t\t\t\t\t\t\t\t\t\t\t\t\t\t\t\t\t\t\t<\/ul>\n\t<\/div>\n\t<div class=\"fusion-post-content post-content\"><div class=\"fusion-post-content-container\"><h3>Nouvelles d\u2019Ukraine \u2013 mars 2026<\/h3>\n<p>Ch\u00e8res Soroptimistes<\/p>\n<p>Les F\u00eates de No\u00ebl sont d\u00e9sormais loin et notre pens\u00e9e va vers les vacances de carnaval. Grace \u00e0 vos dons les enfants en Ukraine ont pu passer quelques jours meilleurs avec le sourire, pas \u00e9vident dans les zones de la guerre.\u00a0: aller au cirque, recevoir des<a href=\"https:\/\/swiss-soroptimist.ch\/fr\/nouvelles-dukraine-mars-2026\/\"> [\u2026]<\/a><\/p>\n<\/div><\/div><div class=\"fusion-clearfix\"><\/div><\/article>\n<article id=\"blog-1-post-24272\" class=\"fusion-post-medium post-24272 post type-post status-publish format-standard has-post-thumbnail hentry category-blog-ukraine-fr category-blog-ukraine-f\">\n\t<style type=\"text\/css\">\n\t\t\n\t\t\n\t\t\n\t\t\n\t\t\t<\/style>\n\n\n\t\t\t<div class=\"fusion-flexslider flexslider fusion-flexslider-loading fusion-post-slideshow\" style=\"\">\n\t\t<ul class=\"slides\">\n\t\t\t\n\t\t\t\t\t\t\t\t\t\t\t\t\t\t<li><div  class=\"fusion-image-wrapper fusion-image-size-fixed\" aria-haspopup=\"true\">\n\t\t\t\t\t\t\t<a href=\"https:\/\/swiss-soroptimist.ch\/fr\/nouvelles-dukraine-decembre-2025\/\" aria-label=\"Nouvelles d&rsquo;Ukraine | d\u00e9cembre 2025\">\n\t\t\t\t\t\t\t<img decoding=\"async\" width=\"320\" height=\"202\" src=\"https:\/\/swiss-soroptimist.ch\/wp-content\/uploads\/2026\/01\/Anna-Liashuk-320x202.jpg\" class=\"attachment-blog-medium size-blog-medium wp-post-image\" alt=\"\" srcset=\"https:\/\/swiss-soroptimist.ch\/wp-content\/uploads\/2026\/01\/Anna-Liashuk-320x202.jpg 320w, https:\/\/swiss-soroptimist.ch\/wp-content\/uploads\/2026\/01\/Anna-Liashuk-700x441.jpg 700w\" sizes=\"(max-width: 320px) 100vw, 320px\" \/>\t\t\t<\/a>\n\t\t\t\t\t\t\t<\/div>\n<\/li>\n\t\t\t\n\t\t\t\n\t\t\t\t\t\t\t\t\t\t\t\t\t\t\t\t\t\t\t\t\t\t\t\t\t\t\t\t\t\t\t\t\t\t\t\t\t\t\t\t\t\t\t\t\t\t\t\t\t\t\t\t\t\t\t\t\t\t\t\t\t\t\t\t\t\t\t\t<\/ul>\n\t<\/div>\n\t<div class=\"fusion-post-content post-content\"><div class=\"fusion-post-content-container\"><p>Nouvelles d\u2019Ukraine \u2013 d\u00e9cembre 2025<\/p>\n<h3>Rencontre \u00e0 Cracovie<\/h3>\n<h5>De g. \u00e0 dr.\u00a0: Anna Liashuk, Renata Trottmann, Sina Stiffler, Nataliya Nechukhaeva, Olha Shpak, Iris Burkhalter, Jolanta Josefowski, Pia Tr\u00fcmpler, Marie-Jeanne BosiaDe g. \u00e0 dr. : Anna Liashuk, Renata Trottmann, Sina Stiffler, Nataliya Nechukhaeva, Olha Shpak, Iris Burkhalter, Jolanta Jozefowski, Pia Tr\u00fcmpler, Marie-Jeanne Bosia<\/h5>\n<p>Ch\u00e8res Soroptimistes<\/p>\n<p>En<a href=\"https:\/\/swiss-soroptimist.ch\/fr\/nouvelles-dukraine-decembre-2025\/\"> [\u2026]<\/a><\/p>\n<\/div><\/div><div class=\"fusion-clearfix\"><\/div><\/article>\n<article id=\"blog-1-post-23845\" class=\"fusion-post-medium post-23845 post type-post status-publish format-standard has-post-thumbnail hentry category-blog-ukraine-fr category-blog-ukraine-f\">\n\t<style type=\"text\/css\">\n\t\t\n\t\t\n\t\t\n\t\t\n\t\t\t<\/style>\n\n\n\t\t\t<div class=\"fusion-flexslider flexslider fusion-flexslider-loading fusion-post-slideshow\" style=\"\">\n\t\t<ul class=\"slides\">\n\t\t\t\n\t\t\t\t\t\t\t\t\t\t\t\t\t\t<li><div  class=\"fusion-image-wrapper fusion-image-size-fixed\" aria-haspopup=\"true\">\n\t\t\t\t\t\t\t<a href=\"https:\/\/swiss-soroptimist.ch\/fr\/news-aus-der-ukraine-september-2025\/\" aria-label=\"News aus der Ukraine | September 2025\">\n\t\t\t\t\t\t\t<img decoding=\"async\" width=\"320\" height=\"202\" src=\"https:\/\/swiss-soroptimist.ch\/wp-content\/uploads\/2025\/11\/Ukraineblog-September-320x202.jpg\" class=\"attachment-blog-medium size-blog-medium wp-post-image\" alt=\"\" srcset=\"https:\/\/swiss-soroptimist.ch\/wp-content\/uploads\/2025\/11\/Ukraineblog-September-320x202.jpg 320w, https:\/\/swiss-soroptimist.ch\/wp-content\/uploads\/2025\/11\/Ukraineblog-September-700x441.jpg 700w\" sizes=\"(max-width: 320px) 100vw, 320px\" \/>\t\t\t<\/a>\n\t\t\t\t\t\t\t<\/div>\n<\/li>\n\t\t\t\n\t\t\t\n\t\t\t\t\t\t\t\t\t\t\t\t\t\t\t\t\t\t\t\t\t\t\t\t\t\t\t\t\t\t\t\t\t\t\t\t\t\t\t\t\t\t\t\t\t\t\t\t\t\t\t\t\t\t\t\t\t\t\t\t\t\t\t\t\t\t\t\t<\/ul>\n\t<\/div>\n\t<div class=\"fusion-post-content post-content\"><div class=\"fusion-post-content-container\"><p align=\"left\">Nouvelles d\u2019Ukraine \u2013 septembre 2025<\/p>\n<p>Le 31 ao\u00fbt, l\u2019Ukraine a c\u00e9l\u00e9br\u00e9 sa f\u00eate nationale. En Suisse, l\u2019ambassade d\u2019Ukraine a organis\u00e9 un d\u00eener de bienfaisance pour les enfants ukrainiens \u00e0 B\u00e2le.  <\/p>\n<p>J\u2019y ai particip\u00e9 et j\u2019ai eu l\u2019honneur de parler du travail formidable accompli depuis plus de vingt ans par les Soroptimistes suisses en<a href=\"https:\/\/swiss-soroptimist.ch\/fr\/news-aus-der-ukraine-september-2025\/\"> [\u2026]<\/a><\/p>\n<\/div><\/div><div class=\"fusion-clearfix\"><\/div><\/article>\n<article id=\"blog-1-post-23413\" class=\"fusion-post-medium post-23413 post type-post status-publish format-standard has-post-thumbnail hentry category-blog-ukraine-f\">\n\t<style type=\"text\/css\">\n\t\t\n\t\t\n\t\t\n\t\t\n\t\t\t<\/style>\n\n\n\t\t\t<div class=\"fusion-flexslider flexslider fusion-flexslider-loading fusion-post-slideshow\" style=\"\">\n\t\t<ul class=\"slides\">\n\t\t\t\n\t\t\t\t\t\t\t\t\t\t\t\t\t\t<li><div  class=\"fusion-image-wrapper fusion-image-size-fixed\" aria-haspopup=\"true\">\n\t\t\t\t\t\t\t<a href=\"https:\/\/swiss-soroptimist.ch\/fr\/news-aus-der-ukraine-juni-2025\/\" aria-label=\"News aus der Ukraine | Juni 2025\">\n\t\t\t\t\t\t\t<img decoding=\"async\" width=\"320\" height=\"202\" src=\"https:\/\/swiss-soroptimist.ch\/wp-content\/uploads\/2025\/07\/DV2025-Ukraine-Delegation-320x202.png\" class=\"attachment-blog-medium size-blog-medium wp-post-image\" alt=\"\" srcset=\"https:\/\/swiss-soroptimist.ch\/wp-content\/uploads\/2025\/07\/DV2025-Ukraine-Delegation-320x202.png 320w, https:\/\/swiss-soroptimist.ch\/wp-content\/uploads\/2025\/07\/DV2025-Ukraine-Delegation-700x441.png 700w\" sizes=\"(max-width: 320px) 100vw, 320px\" \/>\t\t\t<\/a>\n\t\t\t\t\t\t\t<\/div>\n<\/li>\n\t\t\t\n\t\t\t\n\t\t\t\t\t\t\t\t\t\t\t\t\t\t\t\t\t\t\t\t\t\t\t\t\t\t\t\t\t\t\t\t\t\t\t\t\t\t\t\t\t\t\t\t\t\t\t\t\t\t\t\t\t\t\t\t\t\t\t\t\t\t\t\t\t\t\t\t<\/ul>\n\t<\/div>\n\t<div class=\"fusion-post-content post-content\"><div class=\"fusion-post-content-container\"><h6>De g. \u00e0 dr\u00a0: SI President Siew Yong Gnanalingam, Irina Venediktova, Nataliya Nechukhayeva, Sina Stiffler<\/h6>\n<h6>Foto: Bettina Sutter, SI Club Schaffhausen<\/h6>\n<p>Nouvelles de l\u2019Ukraine \u2013 juin 2025<\/p>\n<h4><strong>Deux invit\u00e9s ukrainiens nous ont remerci\u00e9s pour notre aide lors de l\u2019assembl\u00e9e des d\u00e9l\u00e9gu\u00e9s fin mai \u00e0 Zurich.\u00a0 <\/strong><\/h4>\n<p>L\u2019ambassadrice de Suisse en Ukraine, Mme Iryna Venediktova, et Nataliya Nechukhayeva,<a href=\"https:\/\/swiss-soroptimist.ch\/fr\/news-aus-der-ukraine-juni-2025\/\"> [\u2026]<\/a><\/p>\n<\/div><\/div><div class=\"fusion-clearfix\"><\/div><\/article>\n<article id=\"blog-1-post-22875\" class=\"fusion-post-medium post-22875 post type-post status-publish format-standard has-post-thumbnail hentry category-blog-ukraine-f\">\n\t<style type=\"text\/css\">\n\t\t\n\t\t\n\t\t\n\t\t\n\t\t\t<\/style>\n\n\n\t\t\t<div class=\"fusion-flexslider flexslider fusion-flexslider-loading fusion-post-slideshow\" style=\"\">\n\t\t<ul class=\"slides\">\n\t\t\t\n\t\t\t\t\t\t\t\t\t\t\t\t\t\t<li><div  class=\"fusion-image-wrapper fusion-image-size-fixed\" aria-haspopup=\"true\">\n\t\t\t\t\t\t\t<a href=\"https:\/\/swiss-soroptimist.ch\/fr\/nouvelles-dukraine-mars-2025\/\" aria-label=\"Nouvelles d&rsquo;Ukraine | mars 2025\">\n\t\t\t\t\t\t\t<img decoding=\"async\" width=\"320\" height=\"202\" src=\"https:\/\/swiss-soroptimist.ch\/wp-content\/uploads\/2025\/04\/Botschaft-Ukraine-320x202.jpg\" class=\"attachment-blog-medium size-blog-medium wp-post-image\" alt=\"\" srcset=\"https:\/\/swiss-soroptimist.ch\/wp-content\/uploads\/2025\/04\/Botschaft-Ukraine-320x202.jpg 320w, https:\/\/swiss-soroptimist.ch\/wp-content\/uploads\/2025\/04\/Botschaft-Ukraine-700x441.jpg 700w\" sizes=\"(max-width: 320px) 100vw, 320px\" \/>\t\t\t<\/a>\n\t\t\t\t\t\t\t<\/div>\n<\/li>\n\t\t\t\n\t\t\t\n\t\t\t\t\t\t\t\t\t\t\t\t\t\t\t\t\t\t\t\t\t\t\t\t\t\t\t\t\t\t\t\t\t\t\t\t\t\t\t\t\t\t\t\t\t\t\t\t\t\t\t\t\t\t\t\t\t\t\t\t\t\t\t\t\t\t\t\t<\/ul>\n\t<\/div>\n\t<div class=\"fusion-post-content post-content\"><div class=\"fusion-post-content-container\"><p>Nouvelles d\u2019Ukraine \u2013 mars 2025<\/p>\n<h3><strong>Visite \u00e0 l\u2019ambassadrice d\u2019Ukraine, remerciements pour nos dons de No\u00ebl et d\u00e9penses 2024<\/strong><\/h3>\n<p>Des repr\u00e9sentantes de la commission ad hoc ont rencontr\u00e9 fin f\u00e9vrier l\u2019ambassadrice ukrainienne, Mme Irina Venediktova, pour un \u00e9change pr\u00e9cieux \u00e0 Berne. Notre pr\u00e9sidente Jolanta Josefowski, Sina Stiffler et la scribe ont \u00e9t\u00e9 tr\u00e8s bien accueillies\u2026<\/p>\n<p>Nous avons \u00e9galement<a href=\"https:\/\/swiss-soroptimist.ch\/fr\/nouvelles-dukraine-mars-2025\/\"> [\u2026]<\/a><\/p>\n<\/div><\/div><div class=\"fusion-clearfix\"><\/div><\/article>\n<article id=\"blog-1-post-22251\" class=\"fusion-post-medium post-22251 post type-post status-publish format-standard has-post-thumbnail hentry category-blog-ukraine-fr category-blog-ukraine-f\">\n\t<style type=\"text\/css\">\n\t\t\n\t\t\n\t\t\n\t\t\n\t\t\t<\/style>\n\n\n\t\t\t<div class=\"fusion-flexslider flexslider fusion-flexslider-loading fusion-post-slideshow\" style=\"\">\n\t\t<ul class=\"slides\">\n\t\t\t\n\t\t\t\t\t\t\t\t\t\t\t\t\t\t<li><div  class=\"fusion-image-wrapper fusion-image-size-fixed\" aria-haspopup=\"true\">\n\t\t\t\t\t\t\t<a href=\"https:\/\/swiss-soroptimist.ch\/fr\/nouvelles-dukraine-janvier-2025\/\" aria-label=\"Nouvelles d&rsquo;Ukraine | janvier 2025\">\n\t\t\t\t\t\t\t<img decoding=\"async\" width=\"320\" height=\"202\" src=\"https:\/\/swiss-soroptimist.ch\/wp-content\/uploads\/2025\/01\/2-lvivi-320x202.jpg\" class=\"attachment-blog-medium size-blog-medium wp-post-image\" alt=\"\" \/>\t\t\t<\/a>\n\t\t\t\t\t\t\t<\/div>\n<\/li>\n\t\t\t\n\t\t\t\n\t\t\t\t\t\t\t\t\t\t\t\t\t\t\t\t\t\t\t\t\t\t\t\t\t\t\t\t\t\t\t\t\t\t\t\t\t\t\t\t\t\t\t\t\t\t\t\t\t\t\t\t\t\t\t\t\t\t\t\t\t\t\t\t\t\t\t\t<\/ul>\n\t<\/div>\n\t<div class=\"fusion-post-content post-content\"><div class=\"fusion-post-content-container\"><p>Nouvelles d\u2019Ukraine \u2013 Januar 2025<\/p>\n<h3>Aide aux personnes d\u00e9plac\u00e9es \u00e0 Dnipro et Lviv<\/h3>\n<p>Fin f\u00e9vrier 2022 le monde d\u00e9mocratique tout entier a \u00e9t\u00e9 choqu\u00e9 par l\u2019annonce de l\u2019invasion de l\u2019Ukraine par la Russie. Nous, les Soroptimistes, nous sommes imm\u00e9diatement mobilis\u00e9es pour aider les s\u0153urs des clubs ukrainiens et des pays avoisinants, du mat\u00e9riel m\u00e9dical, des v\u00eatements,<a href=\"https:\/\/swiss-soroptimist.ch\/fr\/nouvelles-dukraine-janvier-2025\/\"> [\u2026]<\/a><\/p>\n<\/div><\/div><div class=\"fusion-clearfix\"><\/div><\/article>\n<\/div><div class=\"fusion-infinite-scroll-trigger\"><\/div><div class=\"pagination infinite-scroll clearfix\" style=\"display:none;\"><span class=\"current\">1<\/span><a href=\"https:\/\/swiss-soroptimist.ch\/fr\/wp-json\/wp\/v2\/pages\/14920\/page\/2\/\" class=\"inactive\">2<\/a><a class=\"pagination-next\" rel=\"next\" href=\"https:\/\/swiss-soroptimist.ch\/fr\/wp-json\/wp\/v2\/pages\/14920\/page\/2\/\"><span class=\"page-text\">Next<\/span><span class=\"page-next\"><\/span><\/a><\/div><div class=\"fusion-clearfix\"><\/div><button class=\"fusion-load-more-button fusion-blog-button fusion-clearfix\">Load More Posts<\/button><\/div><\/div><\/div><\/div><\/div><div class=\"fusion-fullwidth fullwidth-box fusion-builder-row-3 nonhundred-percent-fullwidth non-hundred-percent-height-scrolling\" style=\"--awb-border-radius-top-left:0px;--awb-border-radius-top-right:0px;--awb-border-radius-bottom-right:0px;--awb-border-radius-bottom-left:0px;--awb-flex-wrap:wrap;\" ><div class=\"fusion-builder-row fusion-row\"><div class=\"fusion-layout-column fusion_builder_column fusion-builder-column-2 fusion_builder_column_1_1 1_1 fusion-one-full fusion-column-first fusion-column-last\" style=\"--awb-bg-size:cover;--awb-margin-bottom:0px;\"><div class=\"fusion-column-wrapper fusion-flex-column-wrapper-legacy\"><div class=\"fusion-text fusion-text-2\"><p>\u00a0<\/p>\n<\/div><div class=\"fusion-clearfix\"><\/div><\/div><\/div><\/div><\/div><\/p>\n","protected":false},"excerpt":{"rendered":"","protected":false},"author":2,"featured_media":0,"parent":0,"menu_order":0,"comment_status":"closed","ping_status":"closed","template":"100-width.php","meta":{"footnotes":""},"class_list":["post-14920","page","type-page","status-publish","hentry"],"_links":{"self":[{"href":"https:\/\/swiss-soroptimist.ch\/fr\/wp-json\/wp\/v2\/pages\/14920","targetHints":{"allow":["GET"]}}],"collection":[{"href":"https:\/\/swiss-soroptimist.ch\/fr\/wp-json\/wp\/v2\/pages"}],"about":[{"href":"https:\/\/swiss-soroptimist.ch\/fr\/wp-json\/wp\/v2\/types\/page"}],"author":[{"embeddable":true,"href":"https:\/\/swiss-soroptimist.ch\/fr\/wp-json\/wp\/v2\/users\/2"}],"replies":[{"embeddable":true,"href":"https:\/\/swiss-soroptimist.ch\/fr\/wp-json\/wp\/v2\/comments?post=14920"}],"version-history":[{"count":8,"href":"https:\/\/swiss-soroptimist.ch\/fr\/wp-json\/wp\/v2\/pages\/14920\/revisions"}],"predecessor-version":[{"id":22229,"href":"https:\/\/swiss-soroptimist.ch\/fr\/wp-json\/wp\/v2\/pages\/14920\/revisions\/22229"}],"wp:attachment":[{"href":"https:\/\/swiss-soroptimist.ch\/fr\/wp-json\/wp\/v2\/media?parent=14920"}],"curies":[{"name":"wp","href":"https:\/\/api.w.org\/{rel}","templated":true}]}}